{"id":432,"date":"2019-10-01T11:48:17","date_gmt":"2019-10-01T09:48:17","guid":{"rendered":"http:\/\/astorkia.com\/?page_id=432"},"modified":"2024-02-27T16:00:45","modified_gmt":"2024-02-27T15:00:45","slug":"entreprise","status":"publish","type":"page","link":"http:\/\/astorkia.com\/fr\/entreprise\/","title":{"rendered":"Entreprise"},"content":{"rendered":"<p>[et_pb_section fb_built=\u00a0\u00bb1&Prime; _builder_version=\u00a0\u00bb3.24.1&Prime; custom_padding=\u00a0\u00bb1px||30px|||\u00a0\u00bb][et_pb_row _builder_version=\u00a0\u00bb3.25&Prime; custom_padding=\u00a0\u00bb0px||60px|||\u00a0\u00bb][et_pb_column type=\u00a0\u00bb4_4&Prime; _builder_version=\u00a0\u00bb3.25&Prime; custom_padding=\u00a0\u00bb|||\u00a0\u00bb custom_padding__hover=\u00a0\u00bb|||\u00a0\u00bb][et_pb_post_title meta=\u00a0\u00bboff\u00a0\u00bb featured_image=\u00a0\u00bboff\u00a0\u00bb _builder_version=\u00a0\u00bb3.24.1&Prime; title_level=\u00a0\u00bbh3&Prime; title_font=\u00a0\u00bbMontserrat|300||on|||||\u00a0\u00bb title_text_color=\u00a0\u00bb#006598&Prime; title_letter_spacing=\u00a0\u00bb-1px\u00a0\u00bb background_color=\u00a0\u00bbrgba(0,0,0,0)\u00a0\u00bb custom_padding=\u00a0\u00bb6px||\u00a0\u00bb border_color_all=\u00a0\u00bb#2873B6&Prime; border_width_top=\u00a0\u00bb1px\u00a0\u00bb border_color_top=\u00a0\u00bb#006598&Prime; border_width_bottom=\u00a0\u00bb1px\u00a0\u00bb border_color_bottom=\u00a0\u00bb#006598&Prime;][\/et_pb_post_title][et_pb_video src=\u00a0\u00bbhttps:\/\/vimeo.com\/365754769&Prime; use_icon_font_size=\u00a0\u00bbon\u00a0\u00bb thumbnail_overlay_color=\u00a0\u00bbrgba(0,0,0,0.6)\u00a0\u00bb _builder_version=\u00a0\u00bb3.29.3&Prime; animation_style=\u00a0\u00bbfade\u00a0\u00bb][\/et_pb_video][\/et_pb_column][\/et_pb_row][\/et_pb_section][et_pb_section fb_built=\u00a0\u00bb1&Prime; _builder_version=\u00a0\u00bb3.24.1&Prime; custom_padding=\u00a0\u00bb1px|||||\u00a0\u00bb][et_pb_row column_structure=\u00a0\u00bb1_3,2_3&Prime; _builder_version=\u00a0\u00bb3.25&Prime; custom_padding=\u00a0\u00bb0px|||||\u00a0\u00bb][et_pb_column type=\u00a0\u00bb1_3&Prime; _builder_version=\u00a0\u00bb3.25&Prime; custom_padding=\u00a0\u00bb|||\u00a0\u00bb custom_padding__hover=\u00a0\u00bb|||\u00a0\u00bb][et_pb_divider color=\u00a0\u00bb#006598&Prime; divider_weight=\u00a0\u00bb6px\u00a0\u00bb _builder_version=\u00a0\u00bb3.24.1&Prime; width=\u00a0\u00bb72px\u00a0\u00bb module_alignment=\u00a0\u00bbleft\u00a0\u00bb height=\u00a0\u00bb18px\u00a0\u00bb saved_tabs=\u00a0\u00bball\u00a0\u00bb][\/et_pb_divider][et_pb_text _builder_version=\u00a0\u00bb3.27.4&Prime; text_font=\u00a0\u00bb||||||||\u00a0\u00bb custom_padding=\u00a0\u00bb0px||\u00a0\u00bb border_color_top=\u00a0\u00bb#0c71c3&Prime;]Fond\u00e9e en 1989, ASTORKIA est depuis sa cr\u00e9ation, une r\u00e9f\u00e9rence dans la fabrication de pi\u00e8ces complexes en mat\u00e9riaux thermor\u00e9sistants, sp\u00e9cialement ax\u00e9es vers l\u2019industrie a\u00e9ronautique.[\/et_pb_text][et_pb_text _builder_version=\u00a0\u00bb3.27.4&Prime;][\/et_pb_text][\/et_pb_column][et_pb_column type=\u00a0\u00bb2_3&Prime; _builder_version=\u00a0\u00bb3.25&Prime; custom_padding=\u00a0\u00bb|||\u00a0\u00bb custom_padding__hover=\u00a0\u00bb|||\u00a0\u00bb][et_pb_image src=\u00a0\u00bbhttp:\/\/astorkia.com\/wp-content\/uploads\/2024\/02\/astorkia-empresa.jpeg\u00a0\u00bb _builder_version=\u00a0\u00bb4.7.7&Prime; hover_enabled=\u00a0\u00bb0&Prime; title_text=\u00a0\u00bbastorkia empresa\u00a0\u00bb sticky_enabled=\u00a0\u00bb0&Prime;][\/et_pb_image][\/et_pb_column][\/et_pb_row][et_pb_row column_structure=\u00a0\u00bb1_3,1_3,1_3&Prime; _builder_version=\u00a0\u00bb3.25&Prime; custom_padding=\u00a0\u00bb0px|||||\u00a0\u00bb][et_pb_column type=\u00a0\u00bb1_3&Prime; _builder_version=\u00a0\u00bb3.25&Prime; custom_padding=\u00a0\u00bb|||\u00a0\u00bb custom_padding__hover=\u00a0\u00bb|||\u00a0\u00bb][et_pb_image src=\u00a0\u00bbhttp:\/\/astorkia.com\/wp-content\/uploads\/2024\/02\/TRATAMIENTOS-y-ACABADOS-.jpeg\u00a0\u00bb _builder_version=\u00a0\u00bb4.7.7&Prime; hover_enabled=\u00a0\u00bb0&Prime; title_text=\u00a0\u00bbTRATAMIENTOS y ACABADOS\u00a0\u00bb sticky_enabled=\u00a0\u00bb0&Prime;][\/et_pb_image][\/et_pb_column][et_pb_column type=\u00a0\u00bb1_3&Prime; _builder_version=\u00a0\u00bb3.25&Prime; custom_padding=\u00a0\u00bb|||\u00a0\u00bb custom_padding__hover=\u00a0\u00bb|||\u00a0\u00bb][et_pb_image src=\u00a0\u00bbhttp:\/\/astorkia.com\/wp-content\/uploads\/2024\/02\/METRALTEC-empresa.jpeg\u00a0\u00bb _builder_version=\u00a0\u00bb4.7.7&Prime; hover_enabled=\u00a0\u00bb0&Prime; title_text=\u00a0\u00bbMETRALTEC empresa\u00a0\u00bb sticky_enabled=\u00a0\u00bb0&Prime;][\/et_pb_image][\/et_pb_column][et_pb_column type=\u00a0\u00bb1_3&Prime; _builder_version=\u00a0\u00bb3.25&Prime; custom_padding=\u00a0\u00bb|||\u00a0\u00bb custom_padding__hover=\u00a0\u00bb|||\u00a0\u00bb][et_pb_divider color=\u00a0\u00bb#006598&Prime; divider_weight=\u00a0\u00bb6px\u00a0\u00bb _builder_version=\u00a0\u00bb3.24.1&Prime; width=\u00a0\u00bb72px\u00a0\u00bb module_alignment=\u00a0\u00bbleft\u00a0\u00bb height=\u00a0\u00bb18px\u00a0\u00bb][\/et_pb_divider][et_pb_text _builder_version=\u00a0\u00bb3.27.4&Prime; text_font=\u00a0\u00bb||||||||\u00a0\u00bb custom_padding=\u00a0\u00bb0px||\u00a0\u00bb border_color_top=\u00a0\u00bb#0c71c3&Prime;]Nous comptons sur une \u00e9quipe de professionnels poss\u00e9dant une vaste exp\u00e9rience et formation, et nous collaborons avec un r\u00e9seau important de fournisseurs homologu\u00e9s et approuv\u00e9s. Notre structure nous permet de r\u00e9pondre avec souplesse et adaptabilit\u00e9 aux demandes de nos clients.[\/et_pb_text][\/et_pb_column][\/et_pb_row][\/et_pb_section]<\/p>\n","protected":false},"excerpt":{"rendered":"<p>[et_pb_section fb_built=\u00a0\u00bb1&Prime; _builder_version=\u00a0\u00bb3.24.1&Prime; custom_padding=\u00a0\u00bb1px||30px|||\u00a0\u00bb][et_pb_row _builder_version=\u00a0\u00bb3.25&Prime; custom_padding=\u00a0\u00bb0px||60px|||\u00a0\u00bb][et_pb_column type=\u00a0\u00bb4_4&Prime; _builder_version=\u00a0\u00bb3.25&Prime; custom_padding=\u00a0\u00bb|||\u00a0\u00bb custom_padding__hover=\u00a0\u00bb|||\u00a0\u00bb][et_pb_post_title meta=\u00a0\u00bboff\u00a0\u00bb featured_image=\u00a0\u00bboff\u00a0\u00bb _builder_version=\u00a0\u00bb3.24.1&Prime; title_level=\u00a0\u00bbh3&Prime; title_font=\u00a0\u00bbMontserrat|300||on|||||\u00a0\u00bb title_text_color=\u00a0\u00bb#006598&Prime; title_letter_spacing=\u00a0\u00bb-1px\u00a0\u00bb background_color=\u00a0\u00bbrgba(0,0,0,0)\u00a0\u00bb custom_padding=\u00a0\u00bb6px||\u00a0\u00bb border_color_all=\u00a0\u00bb#2873B6&Prime; border_width_top=\u00a0\u00bb1px\u00a0\u00bb border_color_top=\u00a0\u00bb#006598&Prime; border_width_bottom=\u00a0\u00bb1px\u00a0\u00bb border_color_bottom=\u00a0\u00bb#006598&Prime;][\/et_pb_post_title][et_pb_video src=\u00a0\u00bbhttps:\/\/vimeo.com\/365754769&Prime; use_icon_font_size=\u00a0\u00bbon\u00a0\u00bb thumbnail_overlay_color=\u00a0\u00bbrgba(0,0,0,0.6)\u00a0\u00bb _builder_version=\u00a0\u00bb3.29.3&Prime; animation_style=\u00a0\u00bbfade\u00a0\u00bb][\/et_pb_video][\/et_pb_column][\/et_pb_row][\/et_pb_section][et_pb_section fb_built=\u00a0\u00bb1&Prime; _builder_version=\u00a0\u00bb3.24.1&Prime; custom_padding=\u00a0\u00bb1px|||||\u00a0\u00bb][et_pb_row column_structure=\u00a0\u00bb1_3,2_3&Prime; _builder_version=\u00a0\u00bb3.25&Prime; custom_padding=\u00a0\u00bb0px|||||\u00a0\u00bb][et_pb_column type=\u00a0\u00bb1_3&Prime; _builder_version=\u00a0\u00bb3.25&Prime; custom_padding=\u00a0\u00bb|||\u00a0\u00bb custom_padding__hover=\u00a0\u00bb|||\u00a0\u00bb][et_pb_divider color=\u00a0\u00bb#006598&Prime; divider_weight=\u00a0\u00bb6px\u00a0\u00bb _builder_version=\u00a0\u00bb3.24.1&Prime; width=\u00a0\u00bb72px\u00a0\u00bb module_alignment=\u00a0\u00bbleft\u00a0\u00bb height=\u00a0\u00bb18px\u00a0\u00bb saved_tabs=\u00a0\u00bball\u00a0\u00bb][\/et_pb_divider][et_pb_text _builder_version=\u00a0\u00bb3.27.4&Prime; text_font=\u00a0\u00bb||||||||\u00a0\u00bb custom_padding=\u00a0\u00bb0px||\u00a0\u00bb border_color_top=\u00a0\u00bb#0c71c3&Prime;]Fond\u00e9e en 1989, ASTORKIA est depuis [&hellip;]<\/p>\n","protected":false},"author":1,"featured_media":0,"parent":0,"menu_order":0,"comment_status":"closed","ping_status":"closed","template":"","meta":{"_et_pb_use_builder":"on","_et_pb_old_content":"","_et_gb_content_width":""},"_links":{"self":[{"href":"http:\/\/astorkia.com\/fr\/wp-json\/wp\/v2\/pages\/432"}],"collection":[{"href":"http:\/\/astorkia.com\/fr\/wp-json\/wp\/v2\/pages"}],"about":[{"href":"http:\/\/astorkia.com\/fr\/wp-json\/wp\/v2\/types\/page"}],"author":[{"embeddable":true,"href":"http:\/\/astorkia.com\/fr\/wp-json\/wp\/v2\/users\/1"}],"replies":[{"embeddable":true,"href":"http:\/\/astorkia.com\/fr\/wp-json\/wp\/v2\/comments?post=432"}],"version-history":[{"count":5,"href":"http:\/\/astorkia.com\/fr\/wp-json\/wp\/v2\/pages\/432\/revisions"}],"predecessor-version":[{"id":847,"href":"http:\/\/astorkia.com\/fr\/wp-json\/wp\/v2\/pages\/432\/revisions\/847"}],"wp:attachment":[{"href":"http:\/\/astorkia.com\/fr\/wp-json\/wp\/v2\/media?parent=432"}],"curies":[{"name":"wp","href":"https:\/\/api.w.org\/{rel}","templated":true}]}}