{"id":440,"date":"2019-10-01T12:16:10","date_gmt":"2019-10-01T10:16:10","guid":{"rendered":"http:\/\/astorkia.com\/?page_id=440"},"modified":"2024-02-27T16:00:00","modified_gmt":"2024-02-27T15:00:00","slug":"home","status":"publish","type":"page","link":"http:\/\/astorkia.com\/fr\/","title":{"rendered":"Home"},"content":{"rendered":"<p>[et_pb_section fb_built=\u00a0\u00bb1&Prime; fullwidth=\u00a0\u00bbon\u00a0\u00bb _builder_version=\u00a0\u00bb3.24.1&Prime;][et_pb_fullwidth_slider show_arrows=\u00a0\u00bboff\u00a0\u00bb show_pagination=\u00a0\u00bboff\u00a0\u00bb use_bg_overlay=\u00a0\u00bbon\u00a0\u00bb use_text_overlay=\u00a0\u00bboff\u00a0\u00bb _builder_version=\u00a0\u00bb3.27.3&Prime; header_level=\u00a0\u00bbh1&Prime; header_font=\u00a0\u00bb|600|||||||\u00a0\u00bb header_font_size=\u00a0\u00bb52px\u00a0\u00bb body_font=\u00a0\u00bb||||||||\u00a0\u00bb button_alignment=\u00a0\u00bbleft\u00a0\u00bb text_orientation=\u00a0\u00bbleft\u00a0\u00bb content_max_width_tablet=\u00a0\u00bb\u00a0\u00bb content_max_width_phone=\u00a0\u00bb\u00a0\u00bb content_max_width_last_edited=\u00a0\u00bbon|desktop\u00a0\u00bb custom_margin=\u00a0\u00bb|||0px\u00a0\u00bb animation_style=\u00a0\u00bbfade\u00a0\u00bb header_font_last_edited=\u00a0\u00bboff|desktop\u00a0\u00bb header_font_size_tablet=\u00a0\u00bb42px\u00a0\u00bb header_font_size_phone=\u00a0\u00bb36px\u00a0\u00bb header_font_size_last_edited=\u00a0\u00bbon|desktop\u00a0\u00bb body_font_size_tablet=\u00a0\u00bb\u00a0\u00bb body_font_size_phone=\u00a0\u00bb18px\u00a0\u00bb body_font_size_last_edited=\u00a0\u00bbon|tablet\u00a0\u00bb][et_pb_slide heading=\u00a0\u00bbExcellence dans la fabrication de composants complexes pour le secteur a\u00e9ronautique\u00a0\u00bb _builder_version=\u00a0\u00bb3.27.3&Prime; header_text_align=\u00a0\u00bbleft\u00a0\u00bb body_text_align=\u00a0\u00bbleft\u00a0\u00bb background_image=\u00a0\u00bbhttp:\/\/astorkia.com\/wp-content\/uploads\/2019\/08\/aero-engine.jpg\u00a0\u00bb parallax=\u00a0\u00bbon\u00a0\u00bb parallax_method=\u00a0\u00bboff\u00a0\u00bb button_alignment=\u00a0\u00bbleft\u00a0\u00bb text_orientation=\u00a0\u00bbleft\u00a0\u00bb width=\u00a0\u00bb100%\u00a0\u00bb max_width=\u00a0\u00bb1280px\u00a0\u00bb header_text_shadow_style=\u00a0\u00bbpreset2&Prime; sticky_transition=\u00a0\u00bbon\u00a0\u00bb][\/et_pb_slide][\/et_pb_fullwidth_slider][\/et_pb_section][et_pb_section fb_built=\u00a0\u00bb1&Prime; _builder_version=\u00a0\u00bb3.24.1&Prime;][et_pb_row column_structure=\u00a0\u00bb1_2,1_2&Prime; _builder_version=\u00a0\u00bb4.3.2&Prime; custom_padding=\u00a0\u00bb0px||30px|||\u00a0\u00bb][et_pb_column type=\u00a0\u00bb1_2&Prime; _builder_version=\u00a0\u00bb4.3.2&Prime;][et_pb_video src=\u00a0\u00bbhttp:\/\/astorkia.com\/wp-content\/uploads\/2020\/02\/ASTORKIA-ENG.mp4&Prime; image_src=\u00a0\u00bbhttp:\/\/astorkia.com\/wp-content\/uploads\/2020\/02\/Captura-de-pantalla-2020-02-21-a-las-14.30.49.png\u00a0\u00bb thumbnail_overlay_color=\u00a0\u00bbrgba(0,0,0,0.6)\u00a0\u00bb _builder_version=\u00a0\u00bb4.3.2&Prime;][\/et_pb_video][\/et_pb_column][et_pb_column type=\u00a0\u00bb1_2&Prime; _builder_version=\u00a0\u00bb3.25&Prime; custom_padding=\u00a0\u00bb|||\u00a0\u00bb custom_padding__hover=\u00a0\u00bb|||\u00a0\u00bb][et_pb_cta title=\u00a0\u00bbChez Astorkia, nous int\u00e9grons les capacit\u00e9s et les ressources d\u2019une alliance d\u2019entreprises performante, productive et flexible.\u00a0\u00bb button_url=\u00a0\u00bbhttp:\/\/astorkia.com\/fr\/procedes\/\u00a0\u00bb button_text=\u00a0\u00bbEn savoir plus\u00a0\u00bb _builder_version=\u00a0\u00bb3.29.3&Prime; header_level=\u00a0\u00bbh1&Prime; header_font=\u00a0\u00bb|700|||||||\u00a0\u00bb header_text_color=\u00a0\u00bb#006598&Prime; header_line_height=\u00a0\u00bb35px\u00a0\u00bb body_font=\u00a0\u00bb|300|||||||\u00a0\u00bb body_text_align=\u00a0\u00bbleft\u00a0\u00bb use_background_color=\u00a0\u00bboff\u00a0\u00bb text_orientation=\u00a0\u00bbleft\u00a0\u00bb background_layout=\u00a0\u00bblight\u00a0\u00bb]Technologie de pointe et sp\u00e9cialisation pour une industrialisation agile et efficace de composants complexes.[\/et_pb_cta][\/et_pb_column][\/et_pb_row][et_pb_row column_structure=\u00a0\u00bb1_3,1_3,1_3&Prime; _builder_version=\u00a0\u00bb3.25&Prime; custom_padding=\u00a0\u00bb30px|||||\u00a0\u00bb][et_pb_column type=\u00a0\u00bb1_3&Prime; _builder_version=\u00a0\u00bb3.25&Prime; custom_padding=\u00a0\u00bb|||\u00a0\u00bb custom_padding__hover=\u00a0\u00bb|||\u00a0\u00bb][et_pb_blurb title=\u00a0\u00bbPROC\u00c9D\u00c9S\u00a0\u00bb image=\u00a0\u00bbhttp:\/\/astorkia.com\/wp-content\/uploads\/2024\/02\/Astorkia-proceso.jpeg\u00a0\u00bb _builder_version=\u00a0\u00bb4.7.7&Prime; header_level=\u00a0\u00bbh3&Prime; header_font=\u00a0\u00bb|800|||||||\u00a0\u00bb header_text_color=\u00a0\u00bb#006598&Prime; body_font=\u00a0\u00bb|300|||||||\u00a0\u00bb hover_enabled=\u00a0\u00bb0&Prime; title_text=\u00a0\u00bbAstorkia proceso\u00a0\u00bb sticky_enabled=\u00a0\u00bb0&Prime;]Nous r\u00e9alisons une gestion totale du proc\u00e9d\u00e9 en regroupant la conception, le d\u00e9veloppement et la fabrication.[\/et_pb_blurb][\/et_pb_column][et_pb_column type=\u00a0\u00bb1_3&Prime; _builder_version=\u00a0\u00bb3.25&Prime; custom_padding=\u00a0\u00bb|||\u00a0\u00bb custom_padding__hover=\u00a0\u00bb|||\u00a0\u00bb][et_pb_blurb title=\u00a0\u00bbTECHNOLOGIE\u00a0\u00bb image=\u00a0\u00bbhttp:\/\/astorkia.com\/wp-content\/uploads\/2024\/02\/Astorkia-tecnologi\u0301a.jpeg\u00a0\u00bb _builder_version=\u00a0\u00bb4.7.7&Prime; header_level=\u00a0\u00bbh3&Prime; header_font=\u00a0\u00bb|800|||||||\u00a0\u00bb header_text_color=\u00a0\u00bb#006598&Prime; body_font=\u00a0\u00bb|300|||||||\u00a0\u00bb hover_enabled=\u00a0\u00bb0&Prime; title_text=\u00a0\u00bbAstorkia tecnologi\u0301a\u00a0\u00bb sticky_enabled=\u00a0\u00bb0&Prime;]Grande capacit\u00e9 de fabrication en utilisant diff\u00e9rentes technologies.[\/et_pb_blurb][\/et_pb_column][et_pb_column type=\u00a0\u00bb1_3&Prime; _builder_version=\u00a0\u00bb3.25&Prime; custom_padding=\u00a0\u00bb|||\u00a0\u00bb custom_padding__hover=\u00a0\u00bb|||\u00a0\u00bb][et_pb_blurb title=\u00a0\u00bbEXP\u00c9RIENCE\u00a0\u00bb image=\u00a0\u00bbhttp:\/\/astorkia.com\/wp-content\/uploads\/2024\/02\/Astorkia-experiencia-scaled.jpeg\u00a0\u00bb _builder_version=\u00a0\u00bb4.7.7&Prime; header_level=\u00a0\u00bbh3&Prime; header_font=\u00a0\u00bb|800|||||||\u00a0\u00bb header_text_color=\u00a0\u00bb#006598&Prime; body_font=\u00a0\u00bb|300|||||||\u00a0\u00bb hover_enabled=\u00a0\u00bb0&Prime; title_text=\u00a0\u00bbAstorkia experiencia\u00a0\u00bb sticky_enabled=\u00a0\u00bb0&Prime;]Nous avons une \u00e9quipe avec une vaste exp\u00e9rience et formation pouss\u00e9e.[\/et_pb_blurb][\/et_pb_column][\/et_pb_row][et_pb_row column_structure=\u00a0\u00bb1_2,1_4,1_4&Prime; _builder_version=\u00a0\u00bb3.25&Prime;][et_pb_column type=\u00a0\u00bb1_2&Prime; _builder_version=\u00a0\u00bb3.25&Prime; custom_padding=\u00a0\u00bb|||\u00a0\u00bb custom_padding__hover=\u00a0\u00bb|||\u00a0\u00bb][et_pb_cta title=\u00a0\u00bbNous misons sur la qualit\u00e9\u00a0\u00bb button_url=\u00a0\u00bbhttp:\/\/astorkia.com\/fr\/?page_id=468&Prime; button_text=\u00a0\u00bbEn savoir plus\u00a0\u00bb _builder_version=\u00a0\u00bb3.29.3&Prime; header_level=\u00a0\u00bbh1&Prime; header_font=\u00a0\u00bb|700|||||||\u00a0\u00bb header_text_color=\u00a0\u00bb#006598&Prime; header_line_height=\u00a0\u00bb35px\u00a0\u00bb body_font=\u00a0\u00bb|300|||||||\u00a0\u00bb body_text_align=\u00a0\u00bbleft\u00a0\u00bb use_background_color=\u00a0\u00bboff\u00a0\u00bb text_orientation=\u00a0\u00bbleft\u00a0\u00bb background_layout=\u00a0\u00bblight\u00a0\u00bb]Notre qualit\u00e9 est garantie par les certifications ISO 9001 et AS9100. Ainsi que par les plus grands fabricants a\u00e9ronautiques avec lesquels nous participons dans leurs principaux programmes.[\/et_pb_cta][\/et_pb_column][et_pb_column type=\u00a0\u00bb1_4&Prime; _builder_version=\u00a0\u00bb3.25&Prime; custom_padding=\u00a0\u00bb|||\u00a0\u00bb custom_padding__hover=\u00a0\u00bb|||\u00a0\u00bb][et_pb_image src=\u00a0\u00bbhttp:\/\/astorkia.com\/wp-content\/uploads\/2024\/02\/ISO-9001.jpeg\u00a0\u00bb _builder_version=\u00a0\u00bb4.7.7&Prime; hover_enabled=\u00a0\u00bb0&Prime; title_text=\u00a0\u00bbISO 9001&Prime; sticky_enabled=\u00a0\u00bb0&Prime;][\/et_pb_image][\/et_pb_column][et_pb_column type=\u00a0\u00bb1_4&Prime; _builder_version=\u00a0\u00bb3.25&Prime; custom_padding=\u00a0\u00bb|||\u00a0\u00bb custom_padding__hover=\u00a0\u00bb|||\u00a0\u00bb][et_pb_image src=\u00a0\u00bbhttp:\/\/astorkia.com\/wp-content\/uploads\/2024\/02\/ISO-9100.jpeg\u00a0\u00bb _builder_version=\u00a0\u00bb4.7.7&Prime; hover_enabled=\u00a0\u00bb0&Prime; title_text=\u00a0\u00bbISO 9100&Prime; sticky_enabled=\u00a0\u00bb0&Prime;][\/et_pb_image][\/et_pb_column][\/et_pb_row][\/et_pb_section]<\/p>\n","protected":false},"excerpt":{"rendered":"<p>[et_pb_section fb_built=\u00a0\u00bb1&Prime; fullwidth=\u00a0\u00bbon\u00a0\u00bb _builder_version=\u00a0\u00bb3.24.1&Prime;][et_pb_fullwidth_slider show_arrows=\u00a0\u00bboff\u00a0\u00bb show_pagination=\u00a0\u00bboff\u00a0\u00bb use_bg_overlay=\u00a0\u00bbon\u00a0\u00bb use_text_overlay=\u00a0\u00bboff\u00a0\u00bb _builder_version=\u00a0\u00bb3.27.3&Prime; header_level=\u00a0\u00bbh1&Prime; header_font=\u00a0\u00bb|600|||||||\u00a0\u00bb header_font_size=\u00a0\u00bb52px\u00a0\u00bb body_font=\u00a0\u00bb||||||||\u00a0\u00bb button_alignment=\u00a0\u00bbleft\u00a0\u00bb text_orientation=\u00a0\u00bbleft\u00a0\u00bb content_max_width_tablet=\u00a0\u00bb\u00a0\u00bb content_max_width_phone=\u00a0\u00bb\u00a0\u00bb content_max_width_last_edited=\u00a0\u00bbon|desktop\u00a0\u00bb custom_margin=\u00a0\u00bb|||0px\u00a0\u00bb animation_style=\u00a0\u00bbfade\u00a0\u00bb header_font_last_edited=\u00a0\u00bboff|desktop\u00a0\u00bb header_font_size_tablet=\u00a0\u00bb42px\u00a0\u00bb header_font_size_phone=\u00a0\u00bb36px\u00a0\u00bb header_font_size_last_edited=\u00a0\u00bbon|desktop\u00a0\u00bb body_font_size_tablet=\u00a0\u00bb\u00a0\u00bb body_font_size_phone=\u00a0\u00bb18px\u00a0\u00bb body_font_size_last_edited=\u00a0\u00bbon|tablet\u00a0\u00bb][et_pb_slide heading=\u00a0\u00bbExcellence dans la fabrication de composants complexes pour le secteur a\u00e9ronautique\u00a0\u00bb _builder_version=\u00a0\u00bb3.27.3&Prime; header_text_align=\u00a0\u00bbleft\u00a0\u00bb body_text_align=\u00a0\u00bbleft\u00a0\u00bb background_image=\u00a0\u00bbhttp:\/\/astorkia.com\/wp-content\/uploads\/2019\/08\/aero-engine.jpg\u00a0\u00bb parallax=\u00a0\u00bbon\u00a0\u00bb parallax_method=\u00a0\u00bboff\u00a0\u00bb button_alignment=\u00a0\u00bbleft\u00a0\u00bb text_orientation=\u00a0\u00bbleft\u00a0\u00bb width=\u00a0\u00bb100%\u00a0\u00bb max_width=\u00a0\u00bb1280px\u00a0\u00bb header_text_shadow_style=\u00a0\u00bbpreset2&Prime; sticky_transition=\u00a0\u00bbon\u00a0\u00bb][\/et_pb_slide][\/et_pb_fullwidth_slider][\/et_pb_section][et_pb_section fb_built=\u00a0\u00bb1&Prime; _builder_version=\u00a0\u00bb3.24.1&Prime;][et_pb_row column_structure=\u00a0\u00bb1_2,1_2&Prime; _builder_version=\u00a0\u00bb4.3.2&Prime; custom_padding=\u00a0\u00bb0px||30px|||\u00a0\u00bb][et_pb_column [&hellip;]<\/p>\n","protected":false},"author":1,"featured_media":0,"parent":0,"menu_order":0,"comment_status":"closed","ping_status":"closed","template":"","meta":{"_et_pb_use_builder":"on","_et_pb_old_content":"","_et_gb_content_width":""},"_links":{"self":[{"href":"http:\/\/astorkia.com\/fr\/wp-json\/wp\/v2\/pages\/440"}],"collection":[{"href":"http:\/\/astorkia.com\/fr\/wp-json\/wp\/v2\/pages"}],"about":[{"href":"http:\/\/astorkia.com\/fr\/wp-json\/wp\/v2\/types\/page"}],"author":[{"embeddable":true,"href":"http:\/\/astorkia.com\/fr\/wp-json\/wp\/v2\/users\/1"}],"replies":[{"embeddable":true,"href":"http:\/\/astorkia.com\/fr\/wp-json\/wp\/v2\/comments?post=440"}],"version-history":[{"count":9,"href":"http:\/\/astorkia.com\/fr\/wp-json\/wp\/v2\/pages\/440\/revisions"}],"predecessor-version":[{"id":846,"href":"http:\/\/astorkia.com\/fr\/wp-json\/wp\/v2\/pages\/440\/revisions\/846"}],"wp:attachment":[{"href":"http:\/\/astorkia.com\/fr\/wp-json\/wp\/v2\/media?parent=440"}],"curies":[{"name":"wp","href":"https:\/\/api.w.org\/{rel}","templated":true}]}}