{"id":462,"date":"2019-10-01T14:22:51","date_gmt":"2019-10-01T12:22:51","guid":{"rendered":"http:\/\/astorkia.com\/?page_id=462"},"modified":"2024-02-27T16:05:35","modified_gmt":"2024-02-27T15:05:35","slug":"procedes","status":"publish","type":"page","link":"http:\/\/astorkia.com\/fr\/procedes\/","title":{"rendered":"Proc\u00e9d\u00e9s"},"content":{"rendered":"<p>[et_pb_section fb_built=\u00a0\u00bb1&Prime; _builder_version=\u00a0\u00bb3.24.1&Prime; custom_margin=\u00a0\u00bb|||0px\u00a0\u00bb custom_padding=\u00a0\u00bb0px||0px|||\u00a0\u00bb top_divider_height=\u00a0\u00bb0px\u00a0\u00bb][et_pb_row _builder_version=\u00a0\u00bb3.25&Prime; custom_padding=\u00a0\u00bb0px||60px|||\u00a0\u00bb][et_pb_column type=\u00a0\u00bb4_4&Prime; _builder_version=\u00a0\u00bb3.25&Prime; custom_padding=\u00a0\u00bb|||\u00a0\u00bb custom_padding__hover=\u00a0\u00bb|||\u00a0\u00bb][et_pb_post_title meta=\u00a0\u00bboff\u00a0\u00bb featured_image=\u00a0\u00bboff\u00a0\u00bb _builder_version=\u00a0\u00bb3.24.1&Prime; title_level=\u00a0\u00bbh3&Prime; title_font=\u00a0\u00bbMontserrat|300||on|||||\u00a0\u00bb title_text_color=\u00a0\u00bb#006598&Prime; title_letter_spacing=\u00a0\u00bb-1px\u00a0\u00bb background_color=\u00a0\u00bbrgba(0,0,0,0)\u00a0\u00bb custom_padding=\u00a0\u00bb6px||\u00a0\u00bb border_color_all=\u00a0\u00bb#2873B6&Prime; border_width_top=\u00a0\u00bb1px\u00a0\u00bb border_color_top=\u00a0\u00bb#006598&Prime; border_width_bottom=\u00a0\u00bb1px\u00a0\u00bb border_color_bottom=\u00a0\u00bb#006598&Prime;][\/et_pb_post_title][\/et_pb_column][\/et_pb_row][et_pb_row _builder_version=\u00a0\u00bb4.3.2&Prime;][et_pb_column type=\u00a0\u00bb4_4&Prime; _builder_version=\u00a0\u00bb4.3.2&Prime;][et_pb_video src=\u00a0\u00bbhttp:\/\/astorkia.com\/wp-content\/uploads\/2020\/02\/AMT.mp4&Prime; image_src=\u00a0\u00bbhttp:\/\/astorkia.com\/wp-content\/uploads\/2020\/02\/Captura-de-pantalla-2020-02-21-a-las-14.36.53.png\u00a0\u00bb thumbnail_overlay_color=\u00a0\u00bbrgba(0,0,0,0.6)\u00a0\u00bb _builder_version=\u00a0\u00bb4.3.2&Prime;][\/et_pb_video][\/et_pb_column][\/et_pb_row][et_pb_row column_structure=\u00a0\u00bb1_2,1_2&Prime; _builder_version=\u00a0\u00bb3.25&Prime; custom_margin=\u00a0\u00bb|auto||auto||\u00a0\u00bb custom_padding=\u00a0\u00bb0px||30px|||\u00a0\u00bb][et_pb_column type=\u00a0\u00bb1_2&Prime; _builder_version=\u00a0\u00bb3.25&Prime; custom_padding=\u00a0\u00bb|||\u00a0\u00bb custom_padding__hover=\u00a0\u00bb|||\u00a0\u00bb][et_pb_text _builder_version=\u00a0\u00bb3.27.4&Prime; text_font=\u00a0\u00bbMontserrat|700|||||||\u00a0\u00bb text_text_color=\u00a0\u00bb#006598&Prime; text_font_size=\u00a0\u00bb30px\u00a0\u00bb text_line_height=\u00a0\u00bb35px\u00a0\u00bb custom_padding=\u00a0\u00bb||0px|||\u00a0\u00bb]<\/p>\n<p class=\"p1\">Chez Astorkia, nous g\u00e9rons l&rsquo;ensemble du proc\u00e9d\u00e9 de fabrication de mani\u00e8re compl\u00e8te.<\/p>\n<p>[\/et_pb_text][\/et_pb_column][et_pb_column type=\u00a0\u00bb1_2&Prime; _builder_version=\u00a0\u00bb3.25&Prime; custom_padding=\u00a0\u00bb|||\u00a0\u00bb custom_padding__hover=\u00a0\u00bb|||\u00a0\u00bb][et_pb_divider color=\u00a0\u00bb#006598&Prime; divider_weight=\u00a0\u00bb6px\u00a0\u00bb _builder_version=\u00a0\u00bb3.24.1&Prime; width=\u00a0\u00bb72px\u00a0\u00bb module_alignment=\u00a0\u00bbleft\u00a0\u00bb height=\u00a0\u00bb30px\u00a0\u00bb][\/et_pb_divider][et_pb_text _builder_version=\u00a0\u00bb3.27.4&Prime; text_font=\u00a0\u00bb|300|||||||\u00a0\u00bb]<\/p>\n<p>Nous sommes une r\u00e9f\u00e9rence dans la fabrication de pi\u00e8ces complexes pour moteurs d&rsquo;avion gr\u00e2ce \u00e0 notre exp\u00e9rience et \u00e0 notre technologie de pointe.<\/p>\n<p>Nous proposons des solutions vraiment compl\u00e8tes via une cha\u00eene d&rsquo;approvisionnement sp\u00e9cialis\u00e9e dans le secteur a\u00e9ronautique.<\/p>\n<p>[\/et_pb_text][\/et_pb_column][\/et_pb_row][\/et_pb_section][et_pb_section fb_built=\u00a0\u00bb1&Prime; _builder_version=\u00a0\u00bb3.24.1&Prime; custom_padding=\u00a0\u00bb1px|||||\u00a0\u00bb][et_pb_row column_structure=\u00a0\u00bb1_4,1_4,1_4,1_4&Prime; _builder_version=\u00a0\u00bb3.25&Prime; custom_padding=\u00a0\u00bb30px||30px|||\u00a0\u00bb][et_pb_column type=\u00a0\u00bb1_4&Prime; _builder_version=\u00a0\u00bb3.25&Prime; custom_padding=\u00a0\u00bb|||\u00a0\u00bb custom_padding__hover=\u00a0\u00bb|||\u00a0\u00bb][et_pb_blurb title=\u00a0\u00bbDESIGN &#038; ING\u00c9NIERIE\u00a0\u00bb image=\u00a0\u00bbhttp:\/\/astorkia.com\/wp-content\/uploads\/2024\/02\/DISEN\u0303O-INGENIERI\u0301A.jpeg\u00a0\u00bb _builder_version=\u00a0\u00bb4.7.7&Prime; header_level=\u00a0\u00bbh2&Prime; header_font=\u00a0\u00bb|800|||||||\u00a0\u00bb header_text_color=\u00a0\u00bb#006598&Prime; body_font=\u00a0\u00bb|300|||||||\u00a0\u00bb body_font_size=\u00a0\u00bb16px\u00a0\u00bb background_color=\u00a0\u00bbrgba(0,0,0,0)\u00a0\u00bb custom_margin=\u00a0\u00bb|||0px\u00a0\u00bb custom_padding=\u00a0\u00bb|0px||0px\u00a0\u00bb hover_enabled=\u00a0\u00bb0&Prime; border_width_top_image=\u00a0\u00bb6px\u00a0\u00bb border_color_top_image=\u00a0\u00bb#006598&Prime; title_text=\u00a0\u00bbDISEN\u0303O &#038; INGENIERI\u0301A\u00a0\u00bb sticky_enabled=\u00a0\u00bb0&Prime;]<\/p>\n<ul>\n<li>Design<\/li>\n<li>Programmation<\/li>\n<li>V\u00e9rification<\/li>\n<li>Analyses<\/li>\n<li>Catia V5<\/li>\n<\/ul>\n<p>[\/et_pb_blurb][\/et_pb_column][et_pb_column type=\u00a0\u00bb1_4&Prime; _builder_version=\u00a0\u00bb3.25&Prime; custom_padding=\u00a0\u00bb|||\u00a0\u00bb custom_padding__hover=\u00a0\u00bb|||\u00a0\u00bb][et_pb_blurb title=\u00a0\u00bbFABRICATION\u00a0\u00bb image=\u00a0\u00bbhttp:\/\/astorkia.com\/wp-content\/uploads\/2024\/02\/FABRICACIO\u0301N-scaled.jpeg\u00a0\u00bb _builder_version=\u00a0\u00bb4.7.7&Prime; header_level=\u00a0\u00bbh2&Prime; header_font=\u00a0\u00bb|800|||||||\u00a0\u00bb header_text_color=\u00a0\u00bb#006598&Prime; body_font=\u00a0\u00bb|300|||||||\u00a0\u00bb body_font_size=\u00a0\u00bb16px\u00a0\u00bb background_color=\u00a0\u00bbrgba(0,0,0,0)\u00a0\u00bb max_width=\u00a0\u00bb100%\u00a0\u00bb custom_margin=\u00a0\u00bb|||0px\u00a0\u00bb custom_padding=\u00a0\u00bb|0px||0px\u00a0\u00bb hover_enabled=\u00a0\u00bb0&Prime; border_width_top_image=\u00a0\u00bb6px\u00a0\u00bb border_color_top_image=\u00a0\u00bb#006598&Prime; title_text=\u00a0\u00bbFABRICACIO\u0301N\u00a0\u00bb sticky_enabled=\u00a0\u00bb0&Prime;]<\/p>\n<ul>\n<li>Fraisage \u00e0 3, 4 et 5 axes<\/li>\n<li>Tournage<\/li>\n<li>Fraisage Tournage Multit\u00e2che<\/li>\n<li>Syst\u00e8mes automatiques de palettisations<\/li>\n<li>Formage de t\u00f4le<\/li>\n<li>Soudage<\/li>\n<li>Assemblage<\/li>\n<\/ul>\n<p>[\/et_pb_blurb][\/et_pb_column][et_pb_column type=\u00a0\u00bb1_4&Prime; _builder_version=\u00a0\u00bb3.25&Prime; custom_padding=\u00a0\u00bb|||\u00a0\u00bb custom_padding__hover=\u00a0\u00bb|||\u00a0\u00bb][et_pb_blurb title=\u00a0\u00bbTRAITEMENTS &#038; FINITIONS\u00a0\u00bb image=\u00a0\u00bbhttp:\/\/astorkia.com\/wp-content\/uploads\/2024\/02\/TRATAMIENTOS-y-ACABADOS-.jpeg\u00a0\u00bb _builder_version=\u00a0\u00bb4.7.7&Prime; header_level=\u00a0\u00bbh2&Prime; header_font=\u00a0\u00bb|800|||||||\u00a0\u00bb header_text_color=\u00a0\u00bb#006598&Prime; body_font=\u00a0\u00bb|300|||||||\u00a0\u00bb body_font_size=\u00a0\u00bb16px\u00a0\u00bb background_color=\u00a0\u00bbrgba(0,0,0,0)\u00a0\u00bb custom_margin=\u00a0\u00bb|||0px\u00a0\u00bb custom_padding=\u00a0\u00bb|0px||0px\u00a0\u00bb hover_enabled=\u00a0\u00bb0&Prime; border_width_top_image=\u00a0\u00bb6px\u00a0\u00bb border_color_top_image=\u00a0\u00bb#006598&Prime; title_text=\u00a0\u00bbTRATAMIENTOS y ACABADOS\u00a0\u00bb sticky_enabled=\u00a0\u00bb0&Prime;]<\/p>\n<ul>\n<li>Traitement thermique<\/li>\n<li>Nitruration<\/li>\n<li>Shot-peening<\/li>\n<li>Chromage dur<\/li>\n<li>Projection thermique : Plasma (Bond coating &amp; Abradable), HVOF, Oxyac\u00e9tyl\u00e9nique<\/li>\n<li>Rectification et polissage<\/li>\n<li>Traitements de surface<\/li>\n<li>Appr\u00eats et peintures<\/li>\n<li>Flushing<\/li>\n<\/ul>\n<p>[\/et_pb_blurb][\/et_pb_column][et_pb_column type=\u00a0\u00bb1_4&Prime; _builder_version=\u00a0\u00bb3.25&Prime; custom_padding=\u00a0\u00bb|||\u00a0\u00bb custom_padding__hover=\u00a0\u00bb|||\u00a0\u00bb][et_pb_blurb title=\u00a0\u00bbCONTR\u00d4LE\u00a0\u00bb image=\u00a0\u00bbhttp:\/\/astorkia.com\/wp-content\/uploads\/2024\/02\/CONTROL2.jpeg\u00a0\u00bb _builder_version=\u00a0\u00bb4.7.7&Prime; header_level=\u00a0\u00bbh2&Prime; header_font=\u00a0\u00bb|800|||||||\u00a0\u00bb header_text_color=\u00a0\u00bb#006598&Prime; body_font=\u00a0\u00bb|300|||||||\u00a0\u00bb body_font_size=\u00a0\u00bb16px\u00a0\u00bb background_color=\u00a0\u00bbrgba(0,0,0,0)\u00a0\u00bb custom_margin=\u00a0\u00bb|||0px\u00a0\u00bb custom_padding=\u00a0\u00bb|0px||0px\u00a0\u00bb hover_enabled=\u00a0\u00bb0&Prime; border_width_top_image=\u00a0\u00bb6px\u00a0\u00bb border_color_top_image=\u00a0\u00bb#006598&Prime; title_text=\u00a0\u00bbCONTROL2&Prime; sticky_enabled=\u00a0\u00bb0&Prime;]<\/p>\n<ul>\n<li>Bancs d\u2019essais<\/li>\n<li>Tests de pression<\/li>\n<li>Test de couple<\/li>\n<li>M\u00e9tallographie<\/li>\n<li>Essais m\u00e9caniques<\/li>\n<li>Essais Non Destructifs<\/li>\n<li>Nettoyages sp\u00e9ciaux<\/li>\n<li>Liquides p\u00e9n\u00e9trants<\/li>\n<li>Inspections visuelles<\/li>\n<\/ul>\n<p>[\/et_pb_blurb][\/et_pb_column][\/et_pb_row][et_pb_row _builder_version=\u00a0\u00bb3.29.3&Prime;][et_pb_column type=\u00a0\u00bb4_4&Prime; _builder_version=\u00a0\u00bb3.29.3&Prime;][et_pb_video src=\u00a0\u00bbhttps:\/\/vimeo.com\/365712823&Prime; _builder_version=\u00a0\u00bb3.29.3&Prime;][\/et_pb_video][\/et_pb_column][\/et_pb_row][et_pb_row column_structure=\u00a0\u00bb1_2,1_4,1_4&Prime; _builder_version=\u00a0\u00bb3.25&Prime; custom_margin=\u00a0\u00bb|auto||auto||\u00a0\u00bb custom_padding=\u00a0\u00bb0px||30px|||\u00a0\u00bb][et_pb_column type=\u00a0\u00bb1_2&Prime; _builder_version=\u00a0\u00bb3.25&Prime; custom_padding=\u00a0\u00bb|||\u00a0\u00bb custom_padding__hover=\u00a0\u00bb|||\u00a0\u00bb][et_pb_text _builder_version=\u00a0\u00bb3.27.4&Prime; text_font=\u00a0\u00bbMontserrat|700|||||||\u00a0\u00bb text_text_color=\u00a0\u00bb#006598&Prime; text_font_size=\u00a0\u00bb30px\u00a0\u00bb text_line_height=\u00a0\u00bb35px\u00a0\u00bb]<\/p>\n<p>Nous dirigeons une cha\u00eene d\u2019approvisionnement sp\u00e9cialis\u00e9e dans le secteur a\u00e9ronautique<\/p>\n<p>[\/et_pb_text][\/et_pb_column][et_pb_column type=\u00a0\u00bb1_4&Prime; _builder_version=\u00a0\u00bb3.25&Prime; custom_padding=\u00a0\u00bb|||\u00a0\u00bb custom_padding__hover=\u00a0\u00bb|||\u00a0\u00bb][et_pb_blurb title=\u00a0\u00bbGrupo TTT\u00a0\u00bb url=\u00a0\u00bbhttp:\/\/www.grupottt.com\/\u00a0\u00bb url_new_window=\u00a0\u00bbon\u00a0\u00bb image=\u00a0\u00bbhttp:\/\/astorkia.com\/wp-content\/uploads\/2019\/08\/GrupoTTT-logo-BN.jpg\u00a0\u00bb _builder_version=\u00a0\u00bb4.7.7&Prime; header_level=\u00a0\u00bbh3&Prime; header_font=\u00a0\u00bb|600|||||||\u00a0\u00bb header_text_color=\u00a0\u00bb#006598&Prime; body_font=\u00a0\u00bb|300|||||||\u00a0\u00bb body_font_size=\u00a0\u00bb16px\u00a0\u00bb background_color=\u00a0\u00bbrgba(0,0,0,0)\u00a0\u00bb custom_margin=\u00a0\u00bb0px|||0px\u00a0\u00bb custom_padding=\u00a0\u00bb5px|0px||0px\u00a0\u00bb link_option_url=\u00a0\u00bbhttp:\/\/www.grupottt.com\/\u00a0\u00bb link_option_url_new_window=\u00a0\u00bbon\u00a0\u00bb hover_enabled=\u00a0\u00bb0&Prime; border_color_top=\u00a0\u00bb#006598&Prime; border_color_top_image=\u00a0\u00bb#006598&Prime; sticky_enabled=\u00a0\u00bb0&Prime;]<\/p>\n<ul>\n<li>Traitement thermique<\/li>\n<li>Nitruration<\/li>\n<li>Shot-peening<\/li>\n<li>Chromage dur<\/li>\n<li>Projection thermique : Plasma (Bond coating &amp; Abradable), HVOF, Oxyac\u00e9tyl\u00e9nique<\/li>\n<li>Rectification et polissage<\/li>\n<li>M\u00e9tallographie<\/li>\n<li>Essais m\u00e9caniques<\/li>\n<\/ul>\n<p>[\/et_pb_blurb][\/et_pb_column][et_pb_column type=\u00a0\u00bb1_4&Prime; _builder_version=\u00a0\u00bb3.25&Prime; custom_padding=\u00a0\u00bb|||\u00a0\u00bb custom_padding__hover=\u00a0\u00bb|||\u00a0\u00bb][et_pb_blurb title=\u00a0\u00bbMetraltec\u00a0\u00bb url=\u00a0\u00bbhttp:\/\/www.metraltec.com\u00a0\u00bb url_new_window=\u00a0\u00bbon\u00a0\u00bb image=\u00a0\u00bbhttp:\/\/astorkia.com\/wp-content\/uploads\/2024\/02\/Metraltec-logo-BN.jpeg\u00a0\u00bb _builder_version=\u00a0\u00bb4.7.7&Prime; header_level=\u00a0\u00bbh3&Prime; header_font=\u00a0\u00bb|600|||||||\u00a0\u00bb header_text_color=\u00a0\u00bb#006598&Prime; body_font=\u00a0\u00bb|300|||||||\u00a0\u00bb body_font_size=\u00a0\u00bb16px\u00a0\u00bb background_color=\u00a0\u00bbrgba(0,0,0,0)\u00a0\u00bb custom_margin=\u00a0\u00bb0px|||0px\u00a0\u00bb custom_padding=\u00a0\u00bb5px|0px||0px\u00a0\u00bb link_option_url=\u00a0\u00bbhttp:\/\/www.metraltec.com\u00a0\u00bb link_option_url_new_window=\u00a0\u00bbon\u00a0\u00bb hover_enabled=\u00a0\u00bb0&Prime; border_color_top=\u00a0\u00bb#006598&Prime; border_color_top_image=\u00a0\u00bb#006598&Prime; title_text=\u00a0\u00bbMetraltec-logo-BN\u00a0\u00bb sticky_enabled=\u00a0\u00bb0&Prime;]<\/p>\n<ul>\n<li>Formage de t\u00f4le<\/li>\n<li>Traitements de surface<\/li>\n<li>Appr\u00eats et peintures<\/li>\n<li>Flushing<\/li>\n<li>Essais Non Destructifs<\/li>\n<li>Nettoyages sp\u00e9ciaux<\/li>\n<li>Liquides p\u00e9n\u00e9trants<\/li>\n<\/ul>\n<p>[\/et_pb_blurb][\/et_pb_column][\/et_pb_row][\/et_pb_section]<\/p>\n","protected":false},"excerpt":{"rendered":"<p>[et_pb_section fb_built=\u00a0\u00bb1&Prime; _builder_version=\u00a0\u00bb3.24.1&Prime; custom_margin=\u00a0\u00bb|||0px\u00a0\u00bb custom_padding=\u00a0\u00bb0px||0px|||\u00a0\u00bb top_divider_height=\u00a0\u00bb0px\u00a0\u00bb][et_pb_row _builder_version=\u00a0\u00bb3.25&Prime; custom_padding=\u00a0\u00bb0px||60px|||\u00a0\u00bb][et_pb_column type=\u00a0\u00bb4_4&Prime; _builder_version=\u00a0\u00bb3.25&Prime; custom_padding=\u00a0\u00bb|||\u00a0\u00bb custom_padding__hover=\u00a0\u00bb|||\u00a0\u00bb][et_pb_post_title meta=\u00a0\u00bboff\u00a0\u00bb featured_image=\u00a0\u00bboff\u00a0\u00bb _builder_version=\u00a0\u00bb3.24.1&Prime; title_level=\u00a0\u00bbh3&Prime; title_font=\u00a0\u00bbMontserrat|300||on|||||\u00a0\u00bb title_text_color=\u00a0\u00bb#006598&Prime; title_letter_spacing=\u00a0\u00bb-1px\u00a0\u00bb background_color=\u00a0\u00bbrgba(0,0,0,0)\u00a0\u00bb custom_padding=\u00a0\u00bb6px||\u00a0\u00bb border_color_all=\u00a0\u00bb#2873B6&Prime; border_width_top=\u00a0\u00bb1px\u00a0\u00bb border_color_top=\u00a0\u00bb#006598&Prime; border_width_bottom=\u00a0\u00bb1px\u00a0\u00bb border_color_bottom=\u00a0\u00bb#006598&Prime;][\/et_pb_post_title][\/et_pb_column][\/et_pb_row][et_pb_row _builder_version=\u00a0\u00bb4.3.2&Prime;][et_pb_column type=\u00a0\u00bb4_4&Prime; _builder_version=\u00a0\u00bb4.3.2&Prime;][et_pb_video src=\u00a0\u00bbhttp:\/\/astorkia.com\/wp-content\/uploads\/2020\/02\/AMT.mp4&Prime; image_src=\u00a0\u00bbhttp:\/\/astorkia.com\/wp-content\/uploads\/2020\/02\/Captura-de-pantalla-2020-02-21-a-las-14.36.53.png\u00a0\u00bb thumbnail_overlay_color=\u00a0\u00bbrgba(0,0,0,0.6)\u00a0\u00bb _builder_version=\u00a0\u00bb4.3.2&Prime;][\/et_pb_video][\/et_pb_column][\/et_pb_row][et_pb_row column_structure=\u00a0\u00bb1_2,1_2&Prime; _builder_version=\u00a0\u00bb3.25&Prime; custom_margin=\u00a0\u00bb|auto||auto||\u00a0\u00bb custom_padding=\u00a0\u00bb0px||30px|||\u00a0\u00bb][et_pb_column type=\u00a0\u00bb1_2&Prime; _builder_version=\u00a0\u00bb3.25&Prime; custom_padding=\u00a0\u00bb|||\u00a0\u00bb custom_padding__hover=\u00a0\u00bb|||\u00a0\u00bb][et_pb_text _builder_version=\u00a0\u00bb3.27.4&Prime; text_font=\u00a0\u00bbMontserrat|700|||||||\u00a0\u00bb text_text_color=\u00a0\u00bb#006598&Prime; text_font_size=\u00a0\u00bb30px\u00a0\u00bb text_line_height=\u00a0\u00bb35px\u00a0\u00bb custom_padding=\u00a0\u00bb||0px|||\u00a0\u00bb] Chez Astorkia, nous g\u00e9rons l&rsquo;ensemble du proc\u00e9d\u00e9 de [&hellip;]<\/p>\n","protected":false},"author":1,"featured_media":0,"parent":0,"menu_order":0,"comment_status":"closed","ping_status":"closed","template":"","meta":{"_et_pb_use_builder":"on","_et_pb_old_content":"<!-- wp:divi\/placeholder \/-->","_et_gb_content_width":""},"_links":{"self":[{"href":"http:\/\/astorkia.com\/fr\/wp-json\/wp\/v2\/pages\/462"}],"collection":[{"href":"http:\/\/astorkia.com\/fr\/wp-json\/wp\/v2\/pages"}],"about":[{"href":"http:\/\/astorkia.com\/fr\/wp-json\/wp\/v2\/types\/page"}],"author":[{"embeddable":true,"href":"http:\/\/astorkia.com\/fr\/wp-json\/wp\/v2\/users\/1"}],"replies":[{"embeddable":true,"href":"http:\/\/astorkia.com\/fr\/wp-json\/wp\/v2\/comments?post=462"}],"version-history":[{"count":6,"href":"http:\/\/astorkia.com\/fr\/wp-json\/wp\/v2\/pages\/462\/revisions"}],"predecessor-version":[{"id":850,"href":"http:\/\/astorkia.com\/fr\/wp-json\/wp\/v2\/pages\/462\/revisions\/850"}],"wp:attachment":[{"href":"http:\/\/astorkia.com\/fr\/wp-json\/wp\/v2\/media?parent=462"}],"curies":[{"name":"wp","href":"https:\/\/api.w.org\/{rel}","templated":true}]}}