{"id":468,"date":"2019-10-03T16:33:06","date_gmt":"2019-10-03T14:33:06","guid":{"rendered":"http:\/\/astorkia.com\/?page_id=468"},"modified":"2024-02-27T16:03:33","modified_gmt":"2024-02-27T15:03:33","slug":"solutions","status":"publish","type":"page","link":"http:\/\/astorkia.com\/fr\/solutions\/","title":{"rendered":"Solutions"},"content":{"rendered":"<p>[et_pb_section fb_built=\u00a0\u00bb1&Prime; _builder_version=\u00a0\u00bb3.24.1&Prime; custom_padding=\u00a0\u00bb1px||0px|||\u00a0\u00bb][et_pb_row _builder_version=\u00a0\u00bb3.25&Prime; custom_padding=\u00a0\u00bb0px||60px|||\u00a0\u00bb][et_pb_column type=\u00a0\u00bb4_4&Prime; _builder_version=\u00a0\u00bb3.25&Prime; custom_padding=\u00a0\u00bb|||\u00a0\u00bb custom_padding__hover=\u00a0\u00bb|||\u00a0\u00bb][et_pb_post_title meta=\u00a0\u00bboff\u00a0\u00bb featured_image=\u00a0\u00bboff\u00a0\u00bb _builder_version=\u00a0\u00bb3.24.1&Prime; title_level=\u00a0\u00bbh3&Prime; title_font=\u00a0\u00bbMontserrat|300||on|||||\u00a0\u00bb title_text_color=\u00a0\u00bb#006598&Prime; title_letter_spacing=\u00a0\u00bb-1px\u00a0\u00bb background_color=\u00a0\u00bbrgba(0,0,0,0)\u00a0\u00bb custom_padding=\u00a0\u00bb6px||\u00a0\u00bb border_color_all=\u00a0\u00bb#2873B6&Prime; border_width_top=\u00a0\u00bb1px\u00a0\u00bb border_color_top=\u00a0\u00bb#006598&Prime; border_width_bottom=\u00a0\u00bb1px\u00a0\u00bb border_color_bottom=\u00a0\u00bb#006598&Prime;][\/et_pb_post_title][\/et_pb_column][\/et_pb_row][\/et_pb_section][et_pb_section fb_built=\u00a0\u00bb1&Prime; _builder_version=\u00a0\u00bb3.24.1&Prime; custom_padding=\u00a0\u00bb1px|||||\u00a0\u00bb][et_pb_row column_structure=\u00a0\u00bb1_2,1_2&Prime; _builder_version=\u00a0\u00bb3.25&Prime; custom_margin=\u00a0\u00bb|auto||auto||\u00a0\u00bb custom_padding=\u00a0\u00bb0px||30px|||\u00a0\u00bb][et_pb_column type=\u00a0\u00bb1_2&Prime; _builder_version=\u00a0\u00bb3.25&Prime; custom_padding=\u00a0\u00bb|||\u00a0\u00bb custom_padding__hover=\u00a0\u00bb|||\u00a0\u00bb][et_pb_text _builder_version=\u00a0\u00bb3.29.3&Prime; text_font=\u00a0\u00bbMontserrat|700|||||||\u00a0\u00bb text_text_color=\u00a0\u00bb#006598&Prime; text_font_size=\u00a0\u00bb30px\u00a0\u00bb text_line_height=\u00a0\u00bb35px\u00a0\u00bb custom_margin=\u00a0\u00bb||30px|||\u00a0\u00bb]<\/p>\n<p><span lang=\"FR\">Nous participons dans les principaux programmes des plus grands fabricants a\u00e9ronautiques.<\/span><\/p>\n<p>[\/et_pb_text][et_pb_divider color=\u00a0\u00bb#006598&Prime; divider_weight=\u00a0\u00bb6px\u00a0\u00bb _builder_version=\u00a0\u00bb3.24.1&Prime; width=\u00a0\u00bb72px\u00a0\u00bb module_alignment=\u00a0\u00bbleft\u00a0\u00bb height=\u00a0\u00bb30px\u00a0\u00bb][\/et_pb_divider][et_pb_text _builder_version=\u00a0\u00bb3.29.3&Prime; text_font=\u00a0\u00bb|300|||||||\u00a0\u00bb]<\/p>\n<p><span lang=\"FR\">Depuis plus de 25 ans, nous concevons et \u00e9laborons divers composants complexes pour des<span>\u00a0<\/span>moteurs d&rsquo;avion.<\/span><\/p>\n<p><span lang=\"FR\">Voici certains programmes o\u00f9 Astorkia a apport\u00e9 de nouvelles solutions au secteur a\u00e9ronautique.<\/span><\/p>\n<p>[\/et_pb_text][\/et_pb_column][et_pb_column type=\u00a0\u00bb1_2&Prime; _builder_version=\u00a0\u00bb3.25&Prime; custom_padding=\u00a0\u00bb|||\u00a0\u00bb custom_padding__hover=\u00a0\u00bb|||\u00a0\u00bb][et_pb_blurb title=\u00a0\u00bbROLLS ROYCE\u00a0\u00bb _builder_version=\u00a0\u00bb3.24.1&Prime; header_level=\u00a0\u00bbh3&Prime; header_font=\u00a0\u00bb|600|||||||\u00a0\u00bb header_text_color=\u00a0\u00bb#006598&Prime; body_font=\u00a0\u00bb|300|||||||\u00a0\u00bb background_color=\u00a0\u00bbrgba(0,0,0,0)\u00a0\u00bb custom_margin=\u00a0\u00bb0px|||0px\u00a0\u00bb custom_padding=\u00a0\u00bb5px|0px||0px\u00a0\u00bb border_width_top=\u00a0\u00bb1px\u00a0\u00bb border_color_top=\u00a0\u00bb#006598&Prime; border_width_top_image=\u00a0\u00bb6px\u00a0\u00bb border_color_top_image=\u00a0\u00bb#006598&Prime;]<\/p>\n<ul>\n<li>Trent 500<\/li>\n<li>Trent 700<\/li>\n<li>Trent 800<\/li>\n<li>Trent 1000<\/li>\n<li>Trent XWB<\/li>\n<\/ul>\n<p>[\/et_pb_blurb][et_pb_blurb title=\u00a0\u00bbAIRBUS\u00a0\u00bb _builder_version=\u00a0\u00bb3.24.1&Prime; header_level=\u00a0\u00bbh3&Prime; header_font=\u00a0\u00bb|600|||||||\u00a0\u00bb header_text_color=\u00a0\u00bb#006598&Prime; body_font=\u00a0\u00bb|300|||||||\u00a0\u00bb background_color=\u00a0\u00bbrgba(0,0,0,0)\u00a0\u00bb custom_margin=\u00a0\u00bb0px|||0px\u00a0\u00bb custom_padding=\u00a0\u00bb5px|0px||0px\u00a0\u00bb border_width_top=\u00a0\u00bb1px\u00a0\u00bb border_color_top=\u00a0\u00bb#006598&Prime; border_width_top_image=\u00a0\u00bb6px\u00a0\u00bb border_color_top_image=\u00a0\u00bb#006598&Prime;]<\/p>\n<ul>\n<li>A-320<\/li>\n<li>A-350<\/li>\n<li>A-380<\/li>\n<li>A-220<\/li>\n<\/ul>\n<p>[\/et_pb_blurb][et_pb_blurb title=\u00a0\u00bbBOEING\u00a0\u00bb _builder_version=\u00a0\u00bb3.24.1&Prime; header_level=\u00a0\u00bbh3&Prime; header_font=\u00a0\u00bb|600|||||||\u00a0\u00bb header_text_color=\u00a0\u00bb#006598&Prime; body_font=\u00a0\u00bb|300|||||||\u00a0\u00bb background_color=\u00a0\u00bbrgba(0,0,0,0)\u00a0\u00bb custom_margin=\u00a0\u00bb0px|||0px\u00a0\u00bb custom_padding=\u00a0\u00bb5px|0px||0px\u00a0\u00bb border_width_top=\u00a0\u00bb1px\u00a0\u00bb border_color_top=\u00a0\u00bb#006598&Prime; border_width_top_image=\u00a0\u00bb6px\u00a0\u00bb border_color_top_image=\u00a0\u00bb#006598&Prime;]<\/p>\n<ul>\n<li>B747<\/li>\n<li>B787<\/li>\n<\/ul>\n<p>[\/et_pb_blurb][et_pb_blurb title=\u00a0\u00bbEMBRAER\u00a0\u00bb _builder_version=\u00a0\u00bb3.24.1&Prime; header_level=\u00a0\u00bbh3&Prime; header_font=\u00a0\u00bb|600|||||||\u00a0\u00bb header_text_color=\u00a0\u00bb#006598&Prime; body_font=\u00a0\u00bb|300|||||||\u00a0\u00bb background_color=\u00a0\u00bbrgba(0,0,0,0)\u00a0\u00bb custom_margin=\u00a0\u00bb0px|||0px\u00a0\u00bb custom_padding=\u00a0\u00bb5px|0px||0px\u00a0\u00bb border_width_top=\u00a0\u00bb1px\u00a0\u00bb border_color_top=\u00a0\u00bb#006598&Prime; border_width_top_image=\u00a0\u00bb6px\u00a0\u00bb border_color_top_image=\u00a0\u00bb#006598&Prime;]<\/p>\n<ul>\n<li>Embraer 170<\/li>\n<li>Embraer 190<\/li>\n<li>KC 390<\/li>\n<\/ul>\n<p>[\/et_pb_blurb][\/et_pb_column][\/et_pb_row][et_pb_row column_structure=\u00a0\u00bb1_2,1_2&Prime; _builder_version=\u00a0\u00bb3.25&Prime;][et_pb_column type=\u00a0\u00bb1_2&Prime; _builder_version=\u00a0\u00bb3.25&Prime; custom_padding=\u00a0\u00bb|||\u00a0\u00bb custom_padding__hover=\u00a0\u00bb|||\u00a0\u00bb][et_pb_divider color=\u00a0\u00bb#006598&Prime; divider_weight=\u00a0\u00bb6px\u00a0\u00bb _builder_version=\u00a0\u00bb3.24.1&Prime; width=\u00a0\u00bb72px\u00a0\u00bb module_alignment=\u00a0\u00bbleft\u00a0\u00bb height=\u00a0\u00bb18px\u00a0\u00bb][\/et_pb_divider][et_pb_text _builder_version=\u00a0\u00bb3.29.3&Prime; text_font=\u00a0\u00bb|300|||||||\u00a0\u00bb]<\/p>\n<p><span lang=\"FR\">Vous trouverez ci-apr\u00e8s quelques exemples de nos r\u00e9alisations.<\/span><\/p>\n<p>[\/et_pb_text][\/et_pb_column][et_pb_column type=\u00a0\u00bb1_2&Prime; _builder_version=\u00a0\u00bb3.25&Prime; custom_padding=\u00a0\u00bb|||\u00a0\u00bb custom_padding__hover=\u00a0\u00bb|||\u00a0\u00bb][\/et_pb_column][\/et_pb_row][et_pb_row column_structure=\u00a0\u00bb1_3,1_3,1_3&Prime; _builder_version=\u00a0\u00bb3.25&Prime;][et_pb_column type=\u00a0\u00bb1_3&Prime; _builder_version=\u00a0\u00bb3.25&Prime; custom_padding=\u00a0\u00bb|||\u00a0\u00bb custom_padding__hover=\u00a0\u00bb|||\u00a0\u00bb][et_pb_blurb title=\u00a0\u00bbTrent 1000&Prime; image=\u00a0\u00bbhttp:\/\/astorkia.com\/wp-content\/uploads\/2024\/02\/Trent-1000.jpeg\u00a0\u00bb _builder_version=\u00a0\u00bb4.7.7&Prime; header_level=\u00a0\u00bbh3&Prime; header_font=\u00a0\u00bb|600|||||||\u00a0\u00bb header_text_color=\u00a0\u00bb#006598&Prime; body_font=\u00a0\u00bb|300|||||||\u00a0\u00bb background_color=\u00a0\u00bbrgba(0,0,0,0)\u00a0\u00bb custom_margin=\u00a0\u00bb0px|||0px\u00a0\u00bb custom_padding=\u00a0\u00bb5px|0px||0px\u00a0\u00bb hover_enabled=\u00a0\u00bb0&Prime; border_color_top=\u00a0\u00bb#006598&Prime; border_color_top_image=\u00a0\u00bb#006598&Prime; title_text=\u00a0\u00bbTrent 1000&Prime; sticky_enabled=\u00a0\u00bb0&Prime;]<\/p>\n<ul>\n<li>Design &amp; Ing\u00e9nierie<\/li>\n<li>Fabrication<\/li>\n<li><span style=\"font-size: 18px;\">FPI<\/span><\/li>\n<\/ul>\n<p>&nbsp;<\/p>\n<p>[\/et_pb_blurb][\/et_pb_column][et_pb_column type=\u00a0\u00bb1_3&Prime; _builder_version=\u00a0\u00bb3.25&Prime; custom_padding=\u00a0\u00bb|||\u00a0\u00bb custom_padding__hover=\u00a0\u00bb|||\u00a0\u00bb][et_pb_blurb title=\u00a0\u00bbTrent XWB\u00a0\u00bb image=\u00a0\u00bbhttp:\/\/astorkia.com\/wp-content\/uploads\/2024\/02\/Trent-XWB.jpeg\u00a0\u00bb _builder_version=\u00a0\u00bb4.7.7&Prime; header_level=\u00a0\u00bbh3&Prime; header_font=\u00a0\u00bb|600|||||||\u00a0\u00bb header_text_color=\u00a0\u00bb#006598&Prime; body_font=\u00a0\u00bb|300|||||||\u00a0\u00bb background_color=\u00a0\u00bbrgba(0,0,0,0)\u00a0\u00bb custom_margin=\u00a0\u00bb0px|||0px\u00a0\u00bb custom_padding=\u00a0\u00bb5px|0px||0px\u00a0\u00bb hover_enabled=\u00a0\u00bb0&Prime; border_color_top=\u00a0\u00bb#006598&Prime; border_color_top_image=\u00a0\u00bb#006598&Prime; title_text=\u00a0\u00bbTrent XWB\u00a0\u00bb sticky_enabled=\u00a0\u00bb0&Prime;]<\/p>\n<ul>\n<li>Design &amp; Ing\u00e9nierie<\/li>\n<li>Fabrication<\/li>\n<li>FPI<\/li>\n<li>Bond coating &amp; Abradable<\/li>\n<li>Rectification<\/li>\n<li>Appr\u00eats et peintures<\/li>\n<li>Test de pression<\/li>\n<li>Assemblage<\/li>\n<li>Test de couple<span style=\"font-size: 18px;\">ppr\u00eats<\/span><\/li>\n<\/ul>\n<p>[\/et_pb_blurb][\/et_pb_column][et_pb_column type=\u00a0\u00bb1_3&Prime; _builder_version=\u00a0\u00bb3.25&Prime; custom_padding=\u00a0\u00bb|||\u00a0\u00bb custom_padding__hover=\u00a0\u00bb|||\u00a0\u00bb][et_pb_blurb title=\u00a0\u00bbGE\u00a0\u00bb image=\u00a0\u00bbhttp:\/\/astorkia.com\/wp-content\/uploads\/2024\/02\/GE.jpeg\u00a0\u00bb _builder_version=\u00a0\u00bb4.7.7&Prime; header_level=\u00a0\u00bbh3&Prime; header_font=\u00a0\u00bb|600|||||||\u00a0\u00bb header_text_color=\u00a0\u00bb#006598&Prime; body_font=\u00a0\u00bb|300|||||||\u00a0\u00bb background_color=\u00a0\u00bbrgba(0,0,0,0)\u00a0\u00bb custom_margin=\u00a0\u00bb0px|||0px\u00a0\u00bb custom_padding=\u00a0\u00bb5px|0px||0px\u00a0\u00bb hover_enabled=\u00a0\u00bb0&Prime; border_color_top=\u00a0\u00bb#006598&Prime; title_text=\u00a0\u00bbGE\u00a0\u00bb sticky_enabled=\u00a0\u00bb0&Prime;]<\/p>\n<ul>\n<li>Design &amp; Ing\u00e9nierie<\/li>\n<li>Fabrication<\/li>\n<li>Soudage<\/li>\n<li>Traitement thermique<\/li>\n<li>FPI<\/li>\n<li>Flushing<\/li>\n<li>Assemblage<\/li>\n<\/ul>\n<ul><\/ul>\n<p>[\/et_pb_blurb][\/et_pb_column][\/et_pb_row][\/et_pb_section]<\/p>\n","protected":false},"excerpt":{"rendered":"<p>[et_pb_section fb_built=\u00a0\u00bb1&Prime; _builder_version=\u00a0\u00bb3.24.1&Prime; custom_padding=\u00a0\u00bb1px||0px|||\u00a0\u00bb][et_pb_row _builder_version=\u00a0\u00bb3.25&Prime; custom_padding=\u00a0\u00bb0px||60px|||\u00a0\u00bb][et_pb_column type=\u00a0\u00bb4_4&Prime; _builder_version=\u00a0\u00bb3.25&Prime; custom_padding=\u00a0\u00bb|||\u00a0\u00bb custom_padding__hover=\u00a0\u00bb|||\u00a0\u00bb][et_pb_post_title meta=\u00a0\u00bboff\u00a0\u00bb featured_image=\u00a0\u00bboff\u00a0\u00bb _builder_version=\u00a0\u00bb3.24.1&Prime; title_level=\u00a0\u00bbh3&Prime; title_font=\u00a0\u00bbMontserrat|300||on|||||\u00a0\u00bb title_text_color=\u00a0\u00bb#006598&Prime; title_letter_spacing=\u00a0\u00bb-1px\u00a0\u00bb background_color=\u00a0\u00bbrgba(0,0,0,0)\u00a0\u00bb custom_padding=\u00a0\u00bb6px||\u00a0\u00bb border_color_all=\u00a0\u00bb#2873B6&Prime; border_width_top=\u00a0\u00bb1px\u00a0\u00bb border_color_top=\u00a0\u00bb#006598&Prime; border_width_bottom=\u00a0\u00bb1px\u00a0\u00bb border_color_bottom=\u00a0\u00bb#006598&Prime;][\/et_pb_post_title][\/et_pb_column][\/et_pb_row][\/et_pb_section][et_pb_section fb_built=\u00a0\u00bb1&Prime; _builder_version=\u00a0\u00bb3.24.1&Prime; custom_padding=\u00a0\u00bb1px|||||\u00a0\u00bb][et_pb_row column_structure=\u00a0\u00bb1_2,1_2&Prime; _builder_version=\u00a0\u00bb3.25&Prime; custom_margin=\u00a0\u00bb|auto||auto||\u00a0\u00bb custom_padding=\u00a0\u00bb0px||30px|||\u00a0\u00bb][et_pb_column type=\u00a0\u00bb1_2&Prime; _builder_version=\u00a0\u00bb3.25&Prime; custom_padding=\u00a0\u00bb|||\u00a0\u00bb custom_padding__hover=\u00a0\u00bb|||\u00a0\u00bb][et_pb_text _builder_version=\u00a0\u00bb3.29.3&Prime; text_font=\u00a0\u00bbMontserrat|700|||||||\u00a0\u00bb text_text_color=\u00a0\u00bb#006598&Prime; text_font_size=\u00a0\u00bb30px\u00a0\u00bb text_line_height=\u00a0\u00bb35px\u00a0\u00bb custom_margin=\u00a0\u00bb||30px|||\u00a0\u00bb] Nous participons dans les principaux programmes des plus grands fabricants a\u00e9ronautiques. [\/et_pb_text][et_pb_divider color=\u00a0\u00bb#006598&Prime; divider_weight=\u00a0\u00bb6px\u00a0\u00bb [&hellip;]<\/p>\n","protected":false},"author":1,"featured_media":0,"parent":0,"menu_order":0,"comment_status":"closed","ping_status":"closed","template":"","meta":{"_et_pb_use_builder":"on","_et_pb_old_content":"<!-- wp:divi\/placeholder \/-->","_et_gb_content_width":""},"_links":{"self":[{"href":"http:\/\/astorkia.com\/fr\/wp-json\/wp\/v2\/pages\/468"}],"collection":[{"href":"http:\/\/astorkia.com\/fr\/wp-json\/wp\/v2\/pages"}],"about":[{"href":"http:\/\/astorkia.com\/fr\/wp-json\/wp\/v2\/types\/page"}],"author":[{"embeddable":true,"href":"http:\/\/astorkia.com\/fr\/wp-json\/wp\/v2\/users\/1"}],"replies":[{"embeddable":true,"href":"http:\/\/astorkia.com\/fr\/wp-json\/wp\/v2\/comments?post=468"}],"version-history":[{"count":7,"href":"http:\/\/astorkia.com\/fr\/wp-json\/wp\/v2\/pages\/468\/revisions"}],"predecessor-version":[{"id":849,"href":"http:\/\/astorkia.com\/fr\/wp-json\/wp\/v2\/pages\/468\/revisions\/849"}],"wp:attachment":[{"href":"http:\/\/astorkia.com\/fr\/wp-json\/wp\/v2\/media?parent=468"}],"curies":[{"name":"wp","href":"https:\/\/api.w.org\/{rel}","templated":true}]}}