{"id":473,"date":"2019-10-03T16:13:16","date_gmt":"2019-10-03T14:13:16","guid":{"rendered":"http:\/\/astorkia.com\/?page_id=473"},"modified":"2024-02-27T16:02:43","modified_gmt":"2024-02-27T15:02:43","slug":"tecnologia","status":"publish","type":"page","link":"http:\/\/astorkia.com\/fr\/tecnologia\/","title":{"rendered":"Technologie"},"content":{"rendered":"<p>[et_pb_section fb_built=\u00a0\u00bb1&Prime; _builder_version=\u00a0\u00bb3.24.1&Prime; custom_padding=\u00a0\u00bb1px||0px|||\u00a0\u00bb][et_pb_row _builder_version=\u00a0\u00bb3.25&Prime; custom_padding=\u00a0\u00bb0px||60px|||\u00a0\u00bb][et_pb_column type=\u00a0\u00bb4_4&Prime; _builder_version=\u00a0\u00bb3.25&Prime; custom_padding=\u00a0\u00bb|||\u00a0\u00bb custom_padding__hover=\u00a0\u00bb|||\u00a0\u00bb][et_pb_post_title meta=\u00a0\u00bboff\u00a0\u00bb featured_image=\u00a0\u00bboff\u00a0\u00bb _builder_version=\u00a0\u00bb3.24.1&Prime; title_level=\u00a0\u00bbh3&Prime; title_font=\u00a0\u00bbMontserrat|300||on|||||\u00a0\u00bb title_text_color=\u00a0\u00bb#006598&Prime; title_letter_spacing=\u00a0\u00bb-1px\u00a0\u00bb background_color=\u00a0\u00bbrgba(0,0,0,0)\u00a0\u00bb custom_padding=\u00a0\u00bb6px||\u00a0\u00bb border_color_all=\u00a0\u00bb#2873B6&Prime; border_width_top=\u00a0\u00bb1px\u00a0\u00bb border_color_top=\u00a0\u00bb#006598&Prime; border_width_bottom=\u00a0\u00bb1px\u00a0\u00bb border_color_bottom=\u00a0\u00bb#006598&Prime;][\/et_pb_post_title][\/et_pb_column][\/et_pb_row][\/et_pb_section][et_pb_section fb_built=\u00a0\u00bb1&Prime; _builder_version=\u00a0\u00bb3.24.1&Prime; custom_padding=\u00a0\u00bb1px|||||\u00a0\u00bb][et_pb_row column_structure=\u00a0\u00bb1_2,1_2&Prime; _builder_version=\u00a0\u00bb3.25&Prime; custom_margin=\u00a0\u00bb|auto||auto||\u00a0\u00bb custom_padding=\u00a0\u00bb0px||30px|||\u00a0\u00bb][et_pb_column type=\u00a0\u00bb1_2&Prime; _builder_version=\u00a0\u00bb3.25&Prime; custom_padding=\u00a0\u00bb|||\u00a0\u00bb custom_padding__hover=\u00a0\u00bb|||\u00a0\u00bb][et_pb_text _builder_version=\u00a0\u00bb3.29.3&Prime; text_font=\u00a0\u00bbMontserrat|700|||||||\u00a0\u00bb text_text_color=\u00a0\u00bb#006598&Prime; text_font_size=\u00a0\u00bb30px\u00a0\u00bb text_line_height=\u00a0\u00bb35px\u00a0\u00bb]<\/p>\n<p><span>Depuis nos d\u00e9buts, nous avons int\u00e9gr\u00e9 les derniers progr\u00e8s du secteur en investissant dans les machines de pointe.<\/span><\/p>\n<p>[\/et_pb_text][\/et_pb_column][et_pb_column type=\u00a0\u00bb1_2&Prime; _builder_version=\u00a0\u00bb3.25&Prime; custom_padding=\u00a0\u00bb|||\u00a0\u00bb custom_padding__hover=\u00a0\u00bb|||\u00a0\u00bb][et_pb_divider color=\u00a0\u00bb#006598&Prime; divider_weight=\u00a0\u00bb6px\u00a0\u00bb _builder_version=\u00a0\u00bb3.24.1&Prime; width=\u00a0\u00bb72px\u00a0\u00bb module_alignment=\u00a0\u00bbleft\u00a0\u00bb height=\u00a0\u00bb30px\u00a0\u00bb][\/et_pb_divider][et_pb_text _builder_version=\u00a0\u00bb3.29.3&Prime; text_font=\u00a0\u00bb|300|||||||\u00a0\u00bb]<\/p>\n<p><span lang=\"FR\">Dans nos installations, nous mettons les technologies les plus avanc\u00e9es au service de nos clients. Partant d&rsquo;une vision globale du proc\u00e9d\u00e9, nous d\u00e9tectons et r\u00e9pondons \u00e0 leurs besoins.<\/span><\/p>\n<p>[\/et_pb_text][\/et_pb_column][\/et_pb_row][et_pb_row _builder_version=\u00a0\u00bb3.25&Prime;][et_pb_column type=\u00a0\u00bb4_4&Prime; _builder_version=\u00a0\u00bb3.25&Prime; custom_padding=\u00a0\u00bb|||\u00a0\u00bb custom_padding__hover=\u00a0\u00bb|||\u00a0\u00bb][et_pb_blurb title=\u00a0\u00bbCellule de Fabrication Automatis\u00e9s 01&Prime; image=\u00a0\u00bbhttp:\/\/astorkia.com\/wp-content\/uploads\/2024\/02\/FABRICACIO\u0301N-scaled.jpeg\u00a0\u00bb content_max_width=\u00a0\u00bb100%\u00a0\u00bb _builder_version=\u00a0\u00bb4.7.7&Prime; header_level=\u00a0\u00bbh2&Prime; header_font=\u00a0\u00bb|700|||||||\u00a0\u00bb header_text_color=\u00a0\u00bb#ffffff\u00a0\u00bb body_font=\u00a0\u00bb||||||||\u00a0\u00bb body_font_size=\u00a0\u00bb16px\u00a0\u00bb background_color=\u00a0\u00bb#006598&Prime; background_layout=\u00a0\u00bbdark\u00a0\u00bb width=\u00a0\u00bb100%\u00a0\u00bb custom_margin=\u00a0\u00bb0px|||0px|false|false\u00a0\u00bb custom_padding=\u00a0\u00bb24px|24px|48px|24px|false|false\u00a0\u00bb custom_padding_tablet=\u00a0\u00bb\u00a0\u00bb custom_padding_phone=\u00a0\u00bb12px|12px|24px|12px|false|false\u00a0\u00bb custom_padding_last_edited=\u00a0\u00bbon|desktop\u00a0\u00bb animation_style=\u00a0\u00bbfade\u00a0\u00bb hover_enabled=\u00a0\u00bb0&Prime; border_color_top=\u00a0\u00bb#006598&Prime; border_color_bottom=\u00a0\u00bb#006598&Prime; border_color_top_image=\u00a0\u00bb#006598&Prime; title_text=\u00a0\u00bbFABRICACIO\u0301N\u00a0\u00bb sticky_enabled=\u00a0\u00bb0&Prime;]<\/p>\n<ul>\n<li>2x Centre multifonctions: 5 axes, diam\u00e8tre 1050mm, <span style=\"color: #ffffff;\">cube<\/span> 1050mm<\/li>\n<li>1x Centre horizontale: 4 axes, <span style=\"color: #ffffff;\">cube<\/span> 1050mm<\/li>\n<li>40 palettes<\/li>\n<\/ul>\n<p>[\/et_pb_blurb][\/et_pb_column][\/et_pb_row][et_pb_row column_structure=\u00a0\u00bb1_3,1_3,1_3&Prime; _builder_version=\u00a0\u00bb3.25&Prime; custom_margin=\u00a0\u00bb-327px|auto||auto||\u00a0\u00bb][et_pb_column type=\u00a0\u00bb1_3&Prime; _builder_version=\u00a0\u00bb3.25&Prime; custom_padding=\u00a0\u00bb|||\u00a0\u00bb custom_padding__hover=\u00a0\u00bb|||\u00a0\u00bb][et_pb_blurb title=\u00a0\u00bbCellule de Fabrication Automatis\u00e9s 02&Prime; image=\u00a0\u00bbhttp:\/\/astorkia.com\/wp-content\/uploads\/2024\/02\/Ce\u0301lula-de-Fabricacio\u0301n-Automatizada-02.jpeg\u00a0\u00bb content_max_width=\u00a0\u00bb100%\u00a0\u00bb _builder_version=\u00a0\u00bb4.7.7&Prime; header_level=\u00a0\u00bbh3&Prime; header_font=\u00a0\u00bb|700|||||||\u00a0\u00bb header_text_color=\u00a0\u00bb#006598&Prime; body_font=\u00a0\u00bb|300|||||||\u00a0\u00bb body_font_size=\u00a0\u00bb16px\u00a0\u00bb background_color=\u00a0\u00bb#f6f6f8&Prime; width=\u00a0\u00bb100%\u00a0\u00bb custom_margin=\u00a0\u00bb0px|||0px|false|false\u00a0\u00bb custom_padding=\u00a0\u00bb12px|12px|24px|12px|false|false\u00a0\u00bb animation_style=\u00a0\u00bbfade\u00a0\u00bb hover_enabled=\u00a0\u00bb0&Prime; border_color_all=\u00a0\u00bb#d6d6d6&Prime; border_color_top_image=\u00a0\u00bb#006598&Prime; title_text=\u00a0\u00bbCe\u0301lula de Fabricacio\u0301n Automatizada 02&Prime; sticky_enabled=\u00a0\u00bb0&Prime;]<\/p>\n<ul>\n<li>1x Centre mutifonction: 5 axes, diam\u00e8tre 900mm<span style=\"color: #333331;\">, cube <\/span>800mm<\/li>\n<li>12 palettes<\/li>\n<\/ul>\n<p>[\/et_pb_blurb][\/et_pb_column][et_pb_column type=\u00a0\u00bb1_3&Prime; _builder_version=\u00a0\u00bb3.25&Prime; custom_padding=\u00a0\u00bb|||\u00a0\u00bb custom_padding__hover=\u00a0\u00bb|||\u00a0\u00bb][et_pb_blurb title=\u00a0\u00bbCellule de Fabrication Automatis\u00e9s 03&Prime; image=\u00a0\u00bbhttp:\/\/astorkia.com\/wp-content\/uploads\/2024\/02\/Ce\u0301lula-de-Fabricacio\u0301n-Automatizada-03-.jpeg\u00a0\u00bb content_max_width=\u00a0\u00bb100%\u00a0\u00bb _builder_version=\u00a0\u00bb4.7.7&Prime; header_level=\u00a0\u00bbh3&Prime; header_font=\u00a0\u00bb|700|||||||\u00a0\u00bb header_text_color=\u00a0\u00bb#006598&Prime; body_font=\u00a0\u00bb|300|||||||\u00a0\u00bb body_font_size=\u00a0\u00bb16px\u00a0\u00bb background_color=\u00a0\u00bb#f6f6f8&Prime; width=\u00a0\u00bb100%\u00a0\u00bb custom_margin=\u00a0\u00bb0px|||0px|false|false\u00a0\u00bb custom_padding=\u00a0\u00bb12px|12px|24px|12px|false|false\u00a0\u00bb animation_style=\u00a0\u00bbfade\u00a0\u00bb hover_enabled=\u00a0\u00bb0&Prime; border_color_all=\u00a0\u00bb#d6d6d6&Prime; border_color_top=\u00a0\u00bb#006598&Prime; border_color_bottom=\u00a0\u00bb#006598&Prime; border_color_top_image=\u00a0\u00bb#006598&Prime; title_text=\u00a0\u00bbCe\u0301lula de Fabricacio\u0301n Automatizada 03&Prime; sticky_enabled=\u00a0\u00bb0&Prime;]<\/p>\n<ul>\n<li>1x Centre d&rsquo;usinage: 5 axes, <span style=\"color: #333331;\">cube<\/span> 730mm<\/li>\n<li>12 palettes<\/li>\n<\/ul>\n<p>[\/et_pb_blurb][\/et_pb_column][et_pb_column type=\u00a0\u00bb1_3&Prime; _builder_version=\u00a0\u00bb3.25&Prime; custom_padding=\u00a0\u00bb|||\u00a0\u00bb custom_padding__hover=\u00a0\u00bb|||\u00a0\u00bb][et_pb_blurb title=\u00a0\u00bbCellule de Fabrication Automatis\u00e9s 04&Prime; image=\u00a0\u00bbhttp:\/\/astorkia.com\/wp-content\/uploads\/2024\/02\/Ce\u0301lula-de-Fabricacio\u0301n-Automatizada-04-.jpeg\u00a0\u00bb content_max_width=\u00a0\u00bb100%\u00a0\u00bb _builder_version=\u00a0\u00bb4.7.7&Prime; header_level=\u00a0\u00bbh3&Prime; header_font=\u00a0\u00bb|700|||||||\u00a0\u00bb header_text_color=\u00a0\u00bb#006598&Prime; body_font=\u00a0\u00bb|300|||||||\u00a0\u00bb body_font_size=\u00a0\u00bb16px\u00a0\u00bb background_color=\u00a0\u00bb#f6f6f8&Prime; width=\u00a0\u00bb100%\u00a0\u00bb custom_margin=\u00a0\u00bb0px|||0px|false|false\u00a0\u00bb custom_padding=\u00a0\u00bb12px|12px|24px|12px|false|false\u00a0\u00bb animation_style=\u00a0\u00bbfade\u00a0\u00bb hover_enabled=\u00a0\u00bb0&Prime; border_color_all=\u00a0\u00bb#d6d6d6&Prime; border_color_top=\u00a0\u00bb#006598&Prime; border_color_bottom=\u00a0\u00bb#006598&Prime; border_color_top_image=\u00a0\u00bb#006598&Prime; title_text=\u00a0\u00bbCe\u0301lula de Fabricacio\u0301n Automatizada 04&Prime; sticky_enabled=\u00a0\u00bb0&Prime;]<\/p>\n<ul>\n<li>1x Centre d&rsquo;usinage: 5 axes, <span style=\"color: #333331;\">cube<\/span> 730mm<\/li>\n<li>16 palettes<\/li>\n<\/ul>\n<p>[\/et_pb_blurb][\/et_pb_column][\/et_pb_row][et_pb_row column_structure=\u00a0\u00bb1_3,1_3,1_3&Prime; _builder_version=\u00a0\u00bb3.25&Prime; background_color=\u00a0\u00bbrgba(0,0,0,0)\u00a0\u00bb][et_pb_column type=\u00a0\u00bb1_3&Prime; _builder_version=\u00a0\u00bb3.25&Prime; background_color=\u00a0\u00bbrgba(0,0,0,0)\u00a0\u00bb custom_padding=\u00a0\u00bb|||\u00a0\u00bb custom_padding__hover=\u00a0\u00bb|||\u00a0\u00bb][et_pb_blurb title=\u00a0\u00bbCentre d&rsquo;Usinage 5 axes\u00a0\u00bb image=\u00a0\u00bbhttp:\/\/astorkia.com\/wp-content\/uploads\/2024\/02\/Centros-Mecanizado-5-ejes-.jpeg\u00a0\u00bb content_max_width=\u00a0\u00bb100%\u00a0\u00bb _builder_version=\u00a0\u00bb4.7.7&Prime; header_level=\u00a0\u00bbh3&Prime; header_font=\u00a0\u00bb|700|||||||\u00a0\u00bb header_text_color=\u00a0\u00bb#006598&Prime; body_font=\u00a0\u00bb|300|||||||\u00a0\u00bb body_font_size=\u00a0\u00bb16px\u00a0\u00bb background_color=\u00a0\u00bb#f6f6f8&Prime; width=\u00a0\u00bb100%\u00a0\u00bb custom_margin=\u00a0\u00bb0px|||0px|false|false\u00a0\u00bb custom_padding=\u00a0\u00bb12px|12px|24px|12px|false|false\u00a0\u00bb animation_style=\u00a0\u00bbfade\u00a0\u00bb hover_enabled=\u00a0\u00bb0&Prime; border_color_all=\u00a0\u00bb#d6d6d6&Prime; border_color_top=\u00a0\u00bb#006598&Prime; border_color_bottom=\u00a0\u00bb#006598&Prime; border_color_top_image=\u00a0\u00bb#006598&Prime; title_text=\u00a0\u00bbCentros Mecanizado 5 ejes\u00a0\u00bb sticky_enabled=\u00a0\u00bb0&Prime;]<\/p>\n<ul>\n<li>3x Centres: cube 800mm<\/li>\n<li>2x Centres: cube 630mm<\/li>\n<li>3x Centres: cube 500mm<\/li>\n<\/ul>\n<p>[\/et_pb_blurb][\/et_pb_column][et_pb_column type=\u00a0\u00bb1_3&Prime; _builder_version=\u00a0\u00bb3.25&Prime; background_color=\u00a0\u00bbrgba(0,0,0,0)\u00a0\u00bb custom_padding=\u00a0\u00bb|||\u00a0\u00bb custom_padding__hover=\u00a0\u00bb|||\u00a0\u00bb][et_pb_blurb title=\u00a0\u00bbCentre d&rsquo;Usinage 3 axes\u00a0\u00bb image=\u00a0\u00bbhttp:\/\/astorkia.com\/wp-content\/uploads\/2024\/02\/Centros-Mecanizado-3-ejes-.jpeg\u00a0\u00bb content_max_width=\u00a0\u00bb100%\u00a0\u00bb _builder_version=\u00a0\u00bb4.7.7&Prime; header_level=\u00a0\u00bbh3&Prime; header_font=\u00a0\u00bb|700|||||||\u00a0\u00bb header_text_color=\u00a0\u00bb#006598&Prime; body_font=\u00a0\u00bb|300|||||||\u00a0\u00bb body_font_size=\u00a0\u00bb16px\u00a0\u00bb background_color=\u00a0\u00bb#f6f6f8&Prime; width=\u00a0\u00bb100%\u00a0\u00bb custom_margin=\u00a0\u00bb0px|||0px|false|false\u00a0\u00bb custom_padding=\u00a0\u00bb12px|12px|24px|12px|false|false\u00a0\u00bb animation_style=\u00a0\u00bbfade\u00a0\u00bb hover_enabled=\u00a0\u00bb0&Prime; border_color_all=\u00a0\u00bb#d6d6d6&Prime; border_color_top=\u00a0\u00bb#006598&Prime; border_color_bottom=\u00a0\u00bb#006598&Prime; border_color_top_image=\u00a0\u00bb#006598&Prime; title_text=\u00a0\u00bbCentros Mecanizado 3 ejes\u00a0\u00bb sticky_enabled=\u00a0\u00bb0&Prime;]<\/p>\n<ul>\n<li>2x Centres: <span style=\"color: #333331;\"><a id=\"dictEntry10009786279\" href=\"https:\/\/www.linguee.es\/frances-espanol\/traduccion\/jusqu%27%C3%A0.html\" class=\"dictLink featured\" style=\"color: #333331;\">jusqu&rsquo;\u00e0<\/a><\/span> 1100mm<\/li>\n<li>2x Centres:\u00a0<span style=\"color: #333331;\"><a id=\"dictEntry10009786279\" href=\"https:\/\/www.linguee.es\/frances-espanol\/traduccion\/jusqu%27%C3%A0.html\" class=\"dictLink featured\" style=\"color: #333331;\">jusqu&rsquo;\u00e0<\/a> <\/span>\u00a01050mm<\/li>\n<li>1x Centre: <span style=\"color: #333331;\"><a id=\"dictEntry10009786279\" href=\"https:\/\/www.linguee.es\/frances-espanol\/traduccion\/jusqu%27%C3%A0.html\" class=\"dictLink featured\" style=\"color: #333331;\">jusqu&rsquo;\u00e0<\/a> <\/span> 650mm<\/li>\n<\/ul>\n<p>[\/et_pb_blurb][\/et_pb_column][et_pb_column type=\u00a0\u00bb1_3&Prime; _builder_version=\u00a0\u00bb3.25&Prime; custom_padding=\u00a0\u00bb|||\u00a0\u00bb custom_padding__hover=\u00a0\u00bb|||\u00a0\u00bb][et_pb_blurb title=\u00a0\u00bbContr\u00f4le\u00a0\u00bb image=\u00a0\u00bbhttp:\/\/astorkia.com\/wp-content\/uploads\/2024\/02\/Control.jpeg\u00a0\u00bb content_max_width=\u00a0\u00bb100%\u00a0\u00bb _builder_version=\u00a0\u00bb4.7.7&Prime; header_level=\u00a0\u00bbh3&Prime; header_font=\u00a0\u00bb|700|||||||\u00a0\u00bb header_text_color=\u00a0\u00bb#006598&Prime; body_font=\u00a0\u00bb|300|||||||\u00a0\u00bb body_font_size=\u00a0\u00bb16px\u00a0\u00bb background_color=\u00a0\u00bb#f6f6f8&Prime; width=\u00a0\u00bb100%\u00a0\u00bb custom_margin=\u00a0\u00bb0px|||0px|false|false\u00a0\u00bb custom_padding=\u00a0\u00bb12px|12px|24px|12px|false|false\u00a0\u00bb animation_style=\u00a0\u00bbfade\u00a0\u00bb hover_enabled=\u00a0\u00bb0&Prime; border_color_all=\u00a0\u00bb#d6d6d6&Prime; border_color_top=\u00a0\u00bb#006598&Prime; border_color_bottom=\u00a0\u00bb#006598&Prime; border_color_top_image=\u00a0\u00bb#006598&Prime; title_text=\u00a0\u00bbControl\u00a0\u00bb sticky_enabled=\u00a0\u00bb0&Prime;]<\/p>\n<ul>\n<li>2x Machines MMC <span style=\"color: #333331;\"><a id=\"dictEntry10009786279\" href=\"https:\/\/www.linguee.es\/frances-espanol\/traduccion\/jusqu%27%C3%A0.html\" class=\"dictLink featured\" style=\"color: #333331;\">jusqu&rsquo;\u00e0<\/a> <\/span>1050mm<\/li>\n<li>Profilom\u00e8tres, <span style=\"color: #333331;\">Mesureur de Rugosit\u00e9<\/span>, etc.<\/li>\n<li>Test de pression, test de couple, etc.<\/li>\n<\/ul>\n<p>[\/et_pb_blurb][\/et_pb_column][\/et_pb_row][\/et_pb_section]<\/p>\n","protected":false},"excerpt":{"rendered":"<p>[et_pb_section fb_built=\u00a0\u00bb1&Prime; _builder_version=\u00a0\u00bb3.24.1&Prime; custom_padding=\u00a0\u00bb1px||0px|||\u00a0\u00bb][et_pb_row _builder_version=\u00a0\u00bb3.25&Prime; custom_padding=\u00a0\u00bb0px||60px|||\u00a0\u00bb][et_pb_column type=\u00a0\u00bb4_4&Prime; _builder_version=\u00a0\u00bb3.25&Prime; custom_padding=\u00a0\u00bb|||\u00a0\u00bb custom_padding__hover=\u00a0\u00bb|||\u00a0\u00bb][et_pb_post_title meta=\u00a0\u00bboff\u00a0\u00bb featured_image=\u00a0\u00bboff\u00a0\u00bb _builder_version=\u00a0\u00bb3.24.1&Prime; title_level=\u00a0\u00bbh3&Prime; title_font=\u00a0\u00bbMontserrat|300||on|||||\u00a0\u00bb title_text_color=\u00a0\u00bb#006598&Prime; title_letter_spacing=\u00a0\u00bb-1px\u00a0\u00bb background_color=\u00a0\u00bbrgba(0,0,0,0)\u00a0\u00bb custom_padding=\u00a0\u00bb6px||\u00a0\u00bb border_color_all=\u00a0\u00bb#2873B6&Prime; border_width_top=\u00a0\u00bb1px\u00a0\u00bb border_color_top=\u00a0\u00bb#006598&Prime; border_width_bottom=\u00a0\u00bb1px\u00a0\u00bb border_color_bottom=\u00a0\u00bb#006598&Prime;][\/et_pb_post_title][\/et_pb_column][\/et_pb_row][\/et_pb_section][et_pb_section fb_built=\u00a0\u00bb1&Prime; _builder_version=\u00a0\u00bb3.24.1&Prime; custom_padding=\u00a0\u00bb1px|||||\u00a0\u00bb][et_pb_row column_structure=\u00a0\u00bb1_2,1_2&Prime; _builder_version=\u00a0\u00bb3.25&Prime; custom_margin=\u00a0\u00bb|auto||auto||\u00a0\u00bb custom_padding=\u00a0\u00bb0px||30px|||\u00a0\u00bb][et_pb_column type=\u00a0\u00bb1_2&Prime; _builder_version=\u00a0\u00bb3.25&Prime; custom_padding=\u00a0\u00bb|||\u00a0\u00bb custom_padding__hover=\u00a0\u00bb|||\u00a0\u00bb][et_pb_text _builder_version=\u00a0\u00bb3.29.3&Prime; text_font=\u00a0\u00bbMontserrat|700|||||||\u00a0\u00bb text_text_color=\u00a0\u00bb#006598&Prime; text_font_size=\u00a0\u00bb30px\u00a0\u00bb text_line_height=\u00a0\u00bb35px\u00a0\u00bb] Depuis nos d\u00e9buts, nous avons int\u00e9gr\u00e9 les derniers progr\u00e8s du secteur en investissant dans les [&hellip;]<\/p>\n","protected":false},"author":1,"featured_media":0,"parent":0,"menu_order":0,"comment_status":"closed","ping_status":"closed","template":"","meta":{"_et_pb_use_builder":"on","_et_pb_old_content":"<!-- wp:divi\/placeholder \/-->","_et_gb_content_width":""},"_links":{"self":[{"href":"http:\/\/astorkia.com\/fr\/wp-json\/wp\/v2\/pages\/473"}],"collection":[{"href":"http:\/\/astorkia.com\/fr\/wp-json\/wp\/v2\/pages"}],"about":[{"href":"http:\/\/astorkia.com\/fr\/wp-json\/wp\/v2\/types\/page"}],"author":[{"embeddable":true,"href":"http:\/\/astorkia.com\/fr\/wp-json\/wp\/v2\/users\/1"}],"replies":[{"embeddable":true,"href":"http:\/\/astorkia.com\/fr\/wp-json\/wp\/v2\/comments?post=473"}],"version-history":[{"count":11,"href":"http:\/\/astorkia.com\/fr\/wp-json\/wp\/v2\/pages\/473\/revisions"}],"predecessor-version":[{"id":848,"href":"http:\/\/astorkia.com\/fr\/wp-json\/wp\/v2\/pages\/473\/revisions\/848"}],"wp:attachment":[{"href":"http:\/\/astorkia.com\/fr\/wp-json\/wp\/v2\/media?parent=473"}],"curies":[{"name":"wp","href":"https:\/\/api.w.org\/{rel}","templated":true}]}}